{"id":1931,"date":"2022-05-24T10:37:08","date_gmt":"2022-05-24T10:37:08","guid":{"rendered":"https:\/\/www.deltainformatica.ch\/?page_id=1931"},"modified":"2024-03-22T08:48:34","modified_gmt":"2024-03-22T08:48:34","slug":"barcode-label-consulting","status":"publish","type":"page","link":"https:\/\/www.deltainformatica.ch\/de\/ict\/barcode-label-consulting\/","title":{"rendered":"Barcode &#038; label Consulting"},"content":{"rendered":"<section data-vc-full-width=\"true\" data-vc-full-width-init=\"false\" data-vc-stretch-content=\"true\" class=\"vc_row wpb_row vc_row-fluid  vc_custom_1594221998998 pofo-stretch-content vc_row-no-padding vc_row-o-content-bottom vc_row-flex\"><div class=\"wpb_column vc_column_container vc_col-sm-12  col-xs-mobile-fullwidth\"><div class=\"vc_column-inner \"><div class=\"wpb_wrapper\"><div class=\"vc_row wpb_row vc_inner vc_row-fluid  vc_custom_1653914600941 vc_row-has-fill cover-background bg-position-center-center wow fadeIn pofo-inner-row-responsive-69e773879f02e\" style=\"min-height: 362px;\"><div class=\"wpb_column vc_column_container vc_col-sm-12  col-xs-mobile-fullwidth\"><div class=\"vc_column-inner \"><div class=\"wpb_wrapper\"><\/div><\/div><\/div><\/div><div class=\"vc_row wpb_row vc_inner vc_row-fluid titleMainCont vc_custom_1594297942879 pofo-inner-row-responsive-69e773879f195\"><div class=\"wpb_column vc_column_container vc_col-has-fill titleMain vc_col-sm-12 vc_col-lg-6 vc_col-md-6 vc_col-xs-12 wow fadeInUp text-center md-text-center sm-text-center xs-text-center display-inline-block md-display-inline-block sm-display-block xs-display-block pofo-column-responsive-69e773879f28d\" data-wow-delay= 300ms><div class=\"vc_column-inner vc_custom_1594297984225\"><div class=\"wpb_wrapper\"><div class=\"last-paragraph-no-margin\"><h1>BARCODE &amp; LABEL CONSULTING<\/h1>\n<\/div><\/div><\/div><\/div><\/div><\/div><\/div><\/div><\/section><div class=\"vc_row-full-width vc_clearfix\"><\/div><section data-vc-full-width=\"true\" data-vc-full-width-init=\"false\" class=\"vc_row wpb_row vc_row-fluid  vc_custom_1594298096314 pofo-stretch-content pofo-stretch-row-container vc_row-o-content-middle vc_row-flex pofo-row-responsive-69e773879f438\"><div class=\"wpb_column vc_column_container vc_col-sm-12 vc_col-lg-6 vc_col-md-6 vc_col-xs-12\"><div class=\"vc_column-inner \"><div class=\"wpb_wrapper\">[vc_single_image image=&#8220;1169&#8243; img_size=&#8220;full&#8220; alignment=&#8220;center&#8220;]<\/div><\/div><\/div><div class=\"wpb_column vc_column_container vc_col-sm-12 vc_col-lg-6 vc_col-md-6 vc_col-xs-12 pofo-column-responsive-69e773879f560\"><div class=\"vc_column-inner vc_custom_1594300127524\"><div class=\"wpb_wrapper\"><div class=\"last-paragraph-no-margin\"><p>Delta Informatica SA bietet seinen Kunden Unterst\u00fctzung und L\u00f6sungen f\u00fcr die Welt der R\u00fcckverfolgbarkeit<\/p>\n<p>Die Unterst\u00fctzung der Lieferkette des Fashion Valley, der Wiege der Mode im Tessin, ist eine Premiere.<\/p>\n<\/div><div class=\"vc_row wpb_row vc_inner vc_row-fluid  vc_custom_1653389014603\"><div class=\"wpb_column vc_column_container vc_col-sm-3  col-xs-mobile-fullwidth\"><div class=\"vc_column-inner \"><div class=\"wpb_wrapper\">[vc_icon icon_fontawesome=&#8220;fas fa-user-tie&#8220; color=&#8220;custom&#8220; align=&#8220;center&#8220; custom_color=&#8220;#2260a7&#8243;]<div class=\"last-paragraph-no-margin\"><p style=\"text-align: center;\"><strong>Beratung<\/strong><\/p>\n<\/div><\/div><\/div><\/div><div class=\"wpb_column vc_column_container vc_col-sm-3  col-xs-mobile-fullwidth\"><div class=\"vc_column-inner \"><div class=\"wpb_wrapper\">[vc_icon icon_fontawesome=&#8220;fas fa-barcode&#8220; color=&#8220;custom&#8220; align=&#8220;center&#8220; custom_color=&#8220;#2260a7&#8243;]<div class=\"last-paragraph-no-margin\"><p style=\"text-align: center;\"><strong>L\u00f6sungen<\/strong><\/p>\n<\/div><\/div><\/div><\/div><div class=\"wpb_column vc_column_container vc_col-sm-3  col-xs-mobile-fullwidth\"><div class=\"vc_column-inner \"><div class=\"wpb_wrapper\">[vc_icon icon_fontawesome=&#8220;fas fa-star&#8220; color=&#8220;custom&#8220; align=&#8220;center&#8220; custom_color=&#8220;#2260a7&#8243;]<div class=\"last-paragraph-no-margin\"><p style=\"text-align: center;\"><strong>Produkte<\/strong><\/p>\n<\/div><\/div><\/div><\/div><div class=\"wpb_column vc_column_container vc_col-sm-3  col-xs-mobile-fullwidth\"><div class=\"vc_column-inner \"><div class=\"wpb_wrapper\">[vc_icon icon_fontawesome=&#8220;fas fa-cogs&#8220; color=&#8220;custom&#8220; align=&#8220;center&#8220; custom_color=&#8220;#2260a7&#8243;]<div class=\"last-paragraph-no-margin\"><p style=\"text-align: center;\"><strong>Dienstleistungen<\/strong><\/p>\n<\/div><\/div><\/div><\/div><\/div><\/div><\/div><\/div><\/section><div class=\"vc_row-full-width vc_clearfix\"><\/div><section class=\"vc_row wpb_row vc_row-fluid  vc_custom_1629903138641\"><div class=\"wpb_column vc_column_container vc_col-sm-12  col-xs-mobile-fullwidth\"><div class=\"vc_column-inner \"><div class=\"wpb_wrapper\"><div class=\"vc_row wpb_row vc_inner vc_row-fluid\"><div class=\"wpb_column vc_column_container vc_col-sm-12  col-xs-mobile-fullwidth\"><div class=\"vc_column-inner \"><div class=\"wpb_wrapper\"><div class=\"last-paragraph-no-margin\"><h4>Barcode &amp; Rfid word<\/h4>\n<\/div><div class=\"last-paragraph-no-margin\"><p>Im Laufe der Zeit hat sich die automatische Identifizierung (Barcode, RFID; Wi-Fi, Voice) stark ver\u00e4ndert und weiterentwickelt. Unser Know-how und unsere strategischen Partner stehen Ihnen zur Verf\u00fcgung, um Ihnen die besten L\u00f6sungen anzubieten.<\/p>\n<\/div><\/div><\/div><\/div><\/div><div class=\"vc_row wpb_row vc_inner vc_row-fluid  vc_custom_1629903654806\"><div class=\"wpb_column vc_column_container vc_col-sm-12  col-xs-mobile-fullwidth\"><div class=\"vc_column-inner \"><div class=\"wpb_wrapper\"><div class=\"last-paragraph-no-margin\"><h4>Custom label<\/h4>\n<\/div><div class=\"last-paragraph-no-margin\"><p>Delta Informatica SA bietet seinen Kunden Standard- und kundenspezifische Selbstklebeetiketten.<\/p>\n<\/div><\/div><\/div><\/div><\/div><div class=\"vc_row wpb_row vc_inner vc_row-fluid  vc_custom_1629903654806\"><div class=\"wpb_column vc_column_container vc_col-sm-6 vc_col-lg-3 vc_col-md-6 col-xs-mobile-fullwidth\"><div class=\"vc_column-inner \"><div class=\"wpb_wrapper\">[vc_single_image image=&#8220;1176&#8243; img_size=&#8220;full&#8220; alignment=&#8220;center&#8220; css=&#8220;.vc_custom_1653389462198{margin-bottom: 15px !important;}&#8220;]<div class=\"last-paragraph-no-margin\"><p><strong>Neutrale Thermotransfer-Etiketten<\/strong><\/p>\n<\/div><\/div><\/div><\/div><div class=\"wpb_column vc_column_container vc_col-sm-6 vc_col-lg-3 vc_col-md-6 col-xs-mobile-fullwidth\"><div class=\"vc_column-inner \"><div class=\"wpb_wrapper\">[vc_single_image image=&#8220;1179&#8243; img_size=&#8220;full&#8220; alignment=&#8220;center&#8220; css=&#8220;.vc_custom_1653389465741{margin-bottom: 15px !important;}&#8220;]<div class=\"last-paragraph-no-margin\"><p><strong>Neutrale Thermodirekt-Etiketten<\/strong><\/p>\n<\/div><\/div><\/div><\/div><div class=\"wpb_column vc_column_container vc_col-sm-6 vc_col-lg-3 vc_col-md-6 col-xs-mobile-fullwidth\"><div class=\"vc_column-inner \"><div class=\"wpb_wrapper\">[vc_single_image image=&#8220;1178&#8243; img_size=&#8220;full&#8220; alignment=&#8220;center&#8220; css=&#8220;.vc_custom_1653389469379{margin-bottom: 15px !important;}&#8220;]<div class=\"last-paragraph-no-margin\"><p><strong>Ma\u00dfgeschneiderte und farbige Etiketten<\/strong><\/p>\n<\/div><\/div><\/div><\/div><div class=\"wpb_column vc_column_container vc_col-sm-6 vc_col-lg-3 vc_col-md-6 col-xs-mobile-fullwidth\"><div class=\"vc_column-inner \"><div class=\"wpb_wrapper\">[vc_single_image image=&#8220;1177&#8243; img_size=&#8220;full&#8220; alignment=&#8220;center&#8220; css=&#8220;.vc_custom_1653389473044{margin-bottom: 15px !important;}&#8220;]<div class=\"last-paragraph-no-margin\"><p><strong>Etiketten aus speziellen Materialien<\/strong><\/p>\n<\/div><\/div><\/div><\/div><\/div><div class=\"vc_row wpb_row vc_inner vc_row-fluid  vc_custom_1629903654806\"><div class=\"wpb_column vc_column_container vc_col-sm-12  col-xs-mobile-fullwidth\"><div class=\"vc_column-inner \"><div class=\"wpb_wrapper\"><div class=\"last-paragraph-no-margin\"><p>Eine breite Palette von 3M Kennzeichnungsmaterialien erm\u00f6glicht es Ihnen, die richtige Kombination f\u00fcr alle Anforderungen zu finden. 3M ist weltweit bekannt als innovativer Hersteller von einigen der erfolgreichsten Produkte f\u00fcr Industrie und Verbrauche<\/p>\n<ul>\n<li>Autoindustrie<\/li>\n<li>Logistik<\/li>\n<li>Elektronikindustrie<\/li>\n<li>Medizinische Ger\u00e4te und Zubeh\u00f6r<\/li>\n<li>Chemische Industrie<\/li>\n<\/ul>\n<\/div><\/div><\/div><\/div><\/div><div class=\"vc_row wpb_row vc_inner vc_row-fluid  vc_custom_1629903654806\"><div class=\"wpb_column vc_column_container vc_col-sm-12  col-xs-mobile-fullwidth\"><div class=\"vc_column-inner \"><div class=\"wpb_wrapper\"><div class=\"last-paragraph-no-margin\"><h4>Handheld Barcode Scanner<\/h4>\n<\/div><div class=\"last-paragraph-no-margin\"><p>Handheld-Terminals eignen sich f\u00fcr alle Bereiche, in denen es darauf ankommt, Daten in Echtzeit und unterwegs zu kommunizieren und zu empfangen.<\/p>\n<\/div>[vc_single_image image=&#8220;1185&#8243; img_size=&#8220;full&#8220; alignment=&#8220;center&#8220;]<div class=\"last-paragraph-no-margin\"><p>Von der Logistik bis zum Einzelhandel, die angebotenen mobilen Computer zeichnen sich durch Qualit\u00e4t und Effizienz aus. Unter den angebotenen Produkten befinden sich Top-Marken wie Plus mobile Terminals, Denso, Newland, Honeywell, CipherLab, Datalogic, Gen2wave und Zebra.<\/p>\n<ul>\n<li>Robuste Smartphones<\/li>\n<li>Handheld-Terminals f\u00fcr den Einzelhandel<\/li>\n<li>Terminals f\u00fcr Transport, Verkauf und Versorgungsunternehmen<\/li>\n<li>Logistik-Terminals<\/li>\n<li>Terminals f\u00fcr die Auftragserfassung<\/li>\n<\/ul>\n<\/div><\/div><\/div><\/div><\/div><div class=\"vc_row wpb_row vc_inner vc_row-fluid  vc_custom_1653394032465 vc_row-has-fill pofo-inner-row-responsive-69e77387a07d3\"><div class=\"wpb_column vc_column_container vc_col-sm-12  col-xs-mobile-fullwidth text-center md-text-center sm-text-center xs-text-center\"><div class=\"vc_column-inner \"><div class=\"wpb_wrapper\">[vc_single_image image=&#8220;1190&#8243; img_size=&#8220;full&#8220; alignment=&#8220;center&#8220; css=&#8220;.vc_custom_1653393896828{margin-bottom: 20px !important;}&#8220;]<div class=\"last-paragraph-no-margin\"><p>Delta Informatica SA ist ein autorisierter Wiederverk\u00e4ufer von Zebra.<\/p>\n<\/div><\/div><\/div><\/div><\/div><div class=\"vc_row wpb_row vc_inner vc_row-fluid  vc_custom_1629903654806\"><div class=\"wpb_column vc_column_container vc_col-sm-12  col-xs-mobile-fullwidth\"><div class=\"vc_column-inner \"><div class=\"wpb_wrapper\"><div class=\"last-paragraph-no-margin\"><h4>Barcode Printer<\/h4>\n<\/div><div class=\"last-paragraph-no-margin\"><p>Unsere Drucker gew\u00e4hrleisten eine hohe Druckgeschwindigkeit und Leistung. Delta Informatica SA bietet die besten Marken an: Apix und Plus, OEM-Marken, Honeywell und Zebra, usw.<br \/>\nUnsere Experten k\u00f6nnen f\u00fcr jeden Bedarf die beste L\u00f6sung anbieten<br \/>\nJeder Etikettendrucker ist so konzipiert, dass er in bestimmten Bereichen das Beste bietet und sich an die Bed\u00fcrfnisse der Benutzer anpasst.<br \/>\nUnser technischer Service unterst\u00fctzt Sie bei Hardware-Problemen und der routinem\u00e4\u00dfigen Wartung der Drucker.<\/p>\n<\/div><\/div><\/div><\/div><\/div><\/div><\/div><\/div><\/section><section class=\"vc_row wpb_row vc_row-fluid  vc_custom_1594300231314 vc_row-o-content-middle vc_row-flex pofo-row-responsive-69e77387a0b4d\"><div class=\"wpb_column vc_column_container vc_col-sm-6  col-xs-mobile-fullwidth wow fadeIn text-center md-text-center sm-text-center xs-text-center\" data-wow-delay= 300ms><div class=\"vc_column-inner \"><div class=\"wpb_wrapper\">[vc_single_image image=&#8220;371&#8243; img_size=&#8220;full&#8220; alignment=&#8220;center&#8220;]<\/div><\/div><\/div><div class=\"wpb_column vc_column_container vc_col-sm-6  col-xs-mobile-fullwidth wow fadeInRight pofo-column-responsive-69e77387a0cd0\" data-wow-delay= 300ms><div class=\"vc_column-inner \"><div class=\"wpb_wrapper\"><div class=\" vc_custom_1711096997885 last-paragraph-no-margin\"><h2>SIE SIND INTERESSIERT<br \/>\nAN DIESER DIENSTLEISTUNG?<\/h2>\n<\/div><div class=\"last-paragraph-no-margin\"><h3>Fordern Sie ein kostenloses Beratungsgespr\u00e4ch an und lassen Sie Ihr Unternehmen hoch fliegen&#8230;<\/h3>\n<\/div><div class=\"last-paragraph-no-margin\"><p>Sie k\u00f6nnen uns anrufen unter<\/p>\n<h3>+41(0)91.640.5560<\/h3>\n<\/div>[vc_empty_space height=&#8220;30px&#8220;]<a  href=\"https:\/\/www.deltainformatica.ch\/de\/kontakte\/\" target=\"_self\" class=\"btn btnDett01 pofo-button-1 button-style1  btn-dark-gray\" >Kontakt<\/a><\/div><\/div><\/div><\/section>\n","protected":false},"excerpt":{"rendered":"BARCODE &amp; LABEL CONSULTING [vc_single_image image=\"1169\" img_size=\"full\" alignment=\"center\"]Delta Informatica SA bietet seinen Kunden Unterst\u00fctzung und L\u00f6sungen f\u00fcr die Welt der R\u00fcckverfolgbarkeit Die Unterst\u00fctzung der Lieferkette des Fashion Valley, der Wiege der Mode im Tessin, ist eine Premiere. [vc_icon icon_fontawesome=\"fas fa-user-tie\" color=\"custom\" align=\"center\" custom_color=\"#2260a7\"]Beratung [vc_icon icon_fontawesome=\"fas fa-barcode\" color=\"custom\" align=\"center\" custom_color=\"#2260a7\"]L\u00f6sungen [vc_icon icon_fontawesome=\"fas fa-star\" color=\"custom\" align=\"center\" custom_color=\"#2260a7\"]Produkte [vc_icon icon_fontawesome=\"fas fa-cogs\" color=\"custom\" align=\"center\" custom_color=\"#2260a7\"]Dienstleistungen Barcode &amp; Rfid word Im Laufe der Zeit hat sich die automatische Identifizierung (Barcode, RFID; Wi-Fi, Voice) stark ver\u00e4ndert und weiterentwickelt. Unser Know-how und unsere strategischen Partner stehen Ihnen zur Verf\u00fcgung, um Ihnen die besten L\u00f6sungen anzubieten. Custom label Delta Informatica SA bietet seinen Kunden Standard- und kundenspezifische Selbstklebeetiketten. [vc_single_image image=\"1176\" img_size=\"full\" alignment=\"center\" css=\".vc_custom_1653389462198{margin-bottom: 15px !important;}\"]Neutrale Thermotransfer-Etiketten [vc_single_image image=\"1179\" img_size=\"full\" alignment=\"center\" css=\".vc_custom_1653389465741{margin-bottom: 15px !important;}\"]Neutrale Thermodirekt-Etiketten [vc_single_image image=\"1178\" img_size=\"full\" alignment=\"center\" css=\".vc_custom_1653389469379{margin-bottom: 15px !important;}\"]Ma\u00dfgeschneiderte und farbige Etiketten [vc_single_image image=\"1177\" img_size=\"full\" alignment=\"center\" css=\".vc_custom_1653389473044{margin-bottom: 15px !important;}\"]Etiketten aus speziellen Materialien Eine breite Palette von 3M Kennzeichnungsmaterialien erm\u00f6glicht es Ihnen, die richtige Kombination f\u00fcr alle Anforderungen zu finden. 3M ist weltweit bekannt als innovativer Hersteller von einigen der erfolgreichsten Produkte f\u00fcr Industrie und Verbrauche Autoindustrie Logistik Elektronikindustrie Medizinische Ger\u00e4te und Zubeh\u00f6r Chemische Industrie Handheld Barcode Scanner Handheld-Terminals eignen sich f\u00fcr alle Bereiche, in denen es...","protected":false},"author":4,"featured_media":0,"parent":1922,"menu_order":0,"comment_status":"closed","ping_status":"closed","template":"","meta":{"footnotes":""},"class_list":["post-1931","page","type-page","status-publish","hentry"],"yoast_head":"<!-- This site is optimized with the Yoast SEO plugin v27.1.1 - https:\/\/yoast.com\/product\/yoast-seo-wordpress\/ -->\n<title>Barcode &amp; label Consulting - Delta Informatica<\/title>\n<meta name=\"robots\" content=\"index, follow, max-snippet:-1, max-image-preview:large, max-video-preview:-1\" \/>\n<link rel=\"canonical\" href=\"https:\/\/www.deltainformatica.ch\/de\/ict\/barcode-label-consulting\/\" \/>\n<meta property=\"og:locale\" content=\"de_DE\" \/>\n<meta property=\"og:type\" content=\"article\" \/>\n<meta property=\"og:title\" content=\"Barcode &amp; label Consulting - Delta Informatica\" \/>\n<meta property=\"og:url\" content=\"https:\/\/www.deltainformatica.ch\/de\/ict\/barcode-label-consulting\/\" \/>\n<meta property=\"og:site_name\" content=\"Delta Informatica\" \/>\n<meta property=\"article:modified_time\" content=\"2024-03-22T08:48:34+00:00\" \/>\n<meta name=\"twitter:card\" content=\"summary_large_image\" \/>\n<meta name=\"twitter:label1\" content=\"Gesch\u00e4tzte Lesezeit\" \/>\n\t<meta name=\"twitter:data1\" content=\"4\u00a0Minuten\" \/>\n<script type=\"application\/ld+json\" class=\"yoast-schema-graph\">{\"@context\":\"https:\/\/schema.org\",\"@graph\":[{\"@type\":\"WebPage\",\"@id\":\"https:\/\/www.deltainformatica.ch\/de\/ict\/barcode-label-consulting\/\",\"url\":\"https:\/\/www.deltainformatica.ch\/de\/ict\/barcode-label-consulting\/\",\"name\":\"Barcode & label Consulting - Delta Informatica\",\"isPartOf\":{\"@id\":\"https:\/\/www.deltainformatica.ch\/en\/#website\"},\"datePublished\":\"2022-05-24T10:37:08+00:00\",\"dateModified\":\"2024-03-22T08:48:34+00:00\",\"breadcrumb\":{\"@id\":\"https:\/\/www.deltainformatica.ch\/de\/ict\/barcode-label-consulting\/#breadcrumb\"},\"inLanguage\":\"de\",\"potentialAction\":[{\"@type\":\"ReadAction\",\"target\":[\"https:\/\/www.deltainformatica.ch\/de\/ict\/barcode-label-consulting\/\"]}]},{\"@type\":\"BreadcrumbList\",\"@id\":\"https:\/\/www.deltainformatica.ch\/de\/ict\/barcode-label-consulting\/#breadcrumb\",\"itemListElement\":[{\"@type\":\"ListItem\",\"position\":1,\"name\":\"Home\",\"item\":\"https:\/\/www.deltainformatica.ch\/de\/\"},{\"@type\":\"ListItem\",\"position\":2,\"name\":\"ICT\",\"item\":\"https:\/\/www.deltainformatica.ch\/de\/ict\/\"},{\"@type\":\"ListItem\",\"position\":3,\"name\":\"Barcode &#038; label Consulting\"}]},{\"@type\":\"WebSite\",\"@id\":\"https:\/\/www.deltainformatica.ch\/en\/#website\",\"url\":\"https:\/\/www.deltainformatica.ch\/en\/\",\"name\":\"Delta Informatica\",\"description\":\"Soluzioni innovative per il mondo dell&#039;IT\",\"publisher\":{\"@id\":\"https:\/\/www.deltainformatica.ch\/en\/#organization\"},\"potentialAction\":[{\"@type\":\"SearchAction\",\"target\":{\"@type\":\"EntryPoint\",\"urlTemplate\":\"https:\/\/www.deltainformatica.ch\/en\/?s={search_term_string}\"},\"query-input\":{\"@type\":\"PropertyValueSpecification\",\"valueRequired\":true,\"valueName\":\"search_term_string\"}}],\"inLanguage\":\"de\"},{\"@type\":\"Organization\",\"@id\":\"https:\/\/www.deltainformatica.ch\/en\/#organization\",\"name\":\"Delta Informatica SA\",\"url\":\"https:\/\/www.deltainformatica.ch\/en\/\",\"logo\":{\"@type\":\"ImageObject\",\"inLanguage\":\"de\",\"@id\":\"https:\/\/www.deltainformatica.ch\/en\/#\/schema\/logo\/image\/\",\"url\":\"https:\/\/www.deltainformatica.ch\/wp-content\/uploads\/2020\/07\/delta-informatica-logo-01-ombra.png\",\"contentUrl\":\"https:\/\/www.deltainformatica.ch\/wp-content\/uploads\/2020\/07\/delta-informatica-logo-01-ombra.png\",\"width\":289,\"height\":230,\"caption\":\"Delta Informatica SA\"},\"image\":{\"@id\":\"https:\/\/www.deltainformatica.ch\/en\/#\/schema\/logo\/image\/\"}}]}<\/script>\n<!-- \/ Yoast SEO plugin. -->","yoast_head_json":{"title":"Barcode & label Consulting - Delta Informatica","robots":{"index":"index","follow":"follow","max-snippet":"max-snippet:-1","max-image-preview":"max-image-preview:large","max-video-preview":"max-video-preview:-1"},"canonical":"https:\/\/www.deltainformatica.ch\/de\/ict\/barcode-label-consulting\/","og_locale":"de_DE","og_type":"article","og_title":"Barcode & label Consulting - Delta Informatica","og_url":"https:\/\/www.deltainformatica.ch\/de\/ict\/barcode-label-consulting\/","og_site_name":"Delta Informatica","article_modified_time":"2024-03-22T08:48:34+00:00","twitter_card":"summary_large_image","twitter_misc":{"Gesch\u00e4tzte Lesezeit":"4\u00a0Minuten"},"schema":{"@context":"https:\/\/schema.org","@graph":[{"@type":"WebPage","@id":"https:\/\/www.deltainformatica.ch\/de\/ict\/barcode-label-consulting\/","url":"https:\/\/www.deltainformatica.ch\/de\/ict\/barcode-label-consulting\/","name":"Barcode & label Consulting - Delta Informatica","isPartOf":{"@id":"https:\/\/www.deltainformatica.ch\/en\/#website"},"datePublished":"2022-05-24T10:37:08+00:00","dateModified":"2024-03-22T08:48:34+00:00","breadcrumb":{"@id":"https:\/\/www.deltainformatica.ch\/de\/ict\/barcode-label-consulting\/#breadcrumb"},"inLanguage":"de","potentialAction":[{"@type":"ReadAction","target":["https:\/\/www.deltainformatica.ch\/de\/ict\/barcode-label-consulting\/"]}]},{"@type":"BreadcrumbList","@id":"https:\/\/www.deltainformatica.ch\/de\/ict\/barcode-label-consulting\/#breadcrumb","itemListElement":[{"@type":"ListItem","position":1,"name":"Home","item":"https:\/\/www.deltainformatica.ch\/de\/"},{"@type":"ListItem","position":2,"name":"ICT","item":"https:\/\/www.deltainformatica.ch\/de\/ict\/"},{"@type":"ListItem","position":3,"name":"Barcode &#038; label Consulting"}]},{"@type":"WebSite","@id":"https:\/\/www.deltainformatica.ch\/en\/#website","url":"https:\/\/www.deltainformatica.ch\/en\/","name":"Delta Informatica","description":"Soluzioni innovative per il mondo dell&#039;IT","publisher":{"@id":"https:\/\/www.deltainformatica.ch\/en\/#organization"},"potentialAction":[{"@type":"SearchAction","target":{"@type":"EntryPoint","urlTemplate":"https:\/\/www.deltainformatica.ch\/en\/?s={search_term_string}"},"query-input":{"@type":"PropertyValueSpecification","valueRequired":true,"valueName":"search_term_string"}}],"inLanguage":"de"},{"@type":"Organization","@id":"https:\/\/www.deltainformatica.ch\/en\/#organization","name":"Delta Informatica SA","url":"https:\/\/www.deltainformatica.ch\/en\/","logo":{"@type":"ImageObject","inLanguage":"de","@id":"https:\/\/www.deltainformatica.ch\/en\/#\/schema\/logo\/image\/","url":"https:\/\/www.deltainformatica.ch\/wp-content\/uploads\/2020\/07\/delta-informatica-logo-01-ombra.png","contentUrl":"https:\/\/www.deltainformatica.ch\/wp-content\/uploads\/2020\/07\/delta-informatica-logo-01-ombra.png","width":289,"height":230,"caption":"Delta Informatica SA"},"image":{"@id":"https:\/\/www.deltainformatica.ch\/en\/#\/schema\/logo\/image\/"}}]}},"_links":{"self":[{"href":"https:\/\/www.deltainformatica.ch\/de\/wp-json\/wp\/v2\/pages\/1931","targetHints":{"allow":["GET"]}}],"collection":[{"href":"https:\/\/www.deltainformatica.ch\/de\/wp-json\/wp\/v2\/pages"}],"about":[{"href":"https:\/\/www.deltainformatica.ch\/de\/wp-json\/wp\/v2\/types\/page"}],"author":[{"embeddable":true,"href":"https:\/\/www.deltainformatica.ch\/de\/wp-json\/wp\/v2\/users\/4"}],"replies":[{"embeddable":true,"href":"https:\/\/www.deltainformatica.ch\/de\/wp-json\/wp\/v2\/comments?post=1931"}],"version-history":[{"count":9,"href":"https:\/\/www.deltainformatica.ch\/de\/wp-json\/wp\/v2\/pages\/1931\/revisions"}],"predecessor-version":[{"id":2085,"href":"https:\/\/www.deltainformatica.ch\/de\/wp-json\/wp\/v2\/pages\/1931\/revisions\/2085"}],"up":[{"embeddable":true,"href":"https:\/\/www.deltainformatica.ch\/de\/wp-json\/wp\/v2\/pages\/1922"}],"wp:attachment":[{"href":"https:\/\/www.deltainformatica.ch\/de\/wp-json\/wp\/v2\/media?parent=1931"}],"curies":[{"name":"wp","href":"https:\/\/api.w.org\/{rel}","templated":true}]}}