{"id":1941,"date":"2021-08-25T13:39:04","date_gmt":"2021-08-25T13:39:04","guid":{"rendered":"https:\/\/www.deltainformatica.ch\/?page_id=1941"},"modified":"2024-03-20T16:49:26","modified_gmt":"2024-03-20T16:49:26","slug":"cloud-solutions","status":"publish","type":"page","link":"https:\/\/www.deltainformatica.ch\/de\/ict\/cloud-solutions\/","title":{"rendered":"Cloud Solutions"},"content":{"rendered":"<section data-vc-full-width=\"true\" data-vc-full-width-init=\"false\" data-vc-stretch-content=\"true\" class=\"vc_row wpb_row vc_row-fluid  vc_custom_1594221998998 pofo-stretch-content vc_row-no-padding vc_row-o-content-bottom vc_row-flex\"><div class=\"wpb_column vc_column_container vc_col-sm-12  col-xs-mobile-fullwidth\"><div class=\"vc_column-inner \"><div class=\"wpb_wrapper\"><div class=\"vc_row wpb_row vc_inner vc_row-fluid  vc_custom_1653914610315 vc_row-has-fill cover-background bg-position-center-center wow fadeIn pofo-inner-row-responsive-69e7c5fdbcd3a\" style=\"min-height: 362px;\"><div class=\"wpb_column vc_column_container vc_col-sm-12  col-xs-mobile-fullwidth\"><div class=\"vc_column-inner \"><div class=\"wpb_wrapper\"><\/div><\/div><\/div><\/div><div class=\"vc_row wpb_row vc_inner vc_row-fluid titleMainCont vc_custom_1594297942879 pofo-inner-row-responsive-69e7c5fdbceb3\"><div class=\"wpb_column vc_column_container vc_col-has-fill titleMain vc_col-sm-12 vc_col-lg-6 vc_col-md-6 vc_col-xs-12 wow fadeInUp text-center md-text-center sm-text-center xs-text-center display-inline-block md-display-inline-block sm-display-block xs-display-block pofo-column-responsive-69e7c5fdbcfb6\" data-wow-delay= 300ms><div class=\"vc_column-inner vc_custom_1594297984225\"><div class=\"wpb_wrapper\"><div class=\"last-paragraph-no-margin\"><h1>CLOUD SOLUTIONS<\/h1>\n<\/div><\/div><\/div><\/div><\/div><\/div><\/div><\/div><\/section><div class=\"vc_row-full-width vc_clearfix\"><\/div><section data-vc-full-width=\"true\" data-vc-full-width-init=\"false\" class=\"vc_row wpb_row vc_row-fluid  vc_custom_1594298096314 pofo-stretch-content pofo-stretch-row-container vc_row-o-content-middle vc_row-flex pofo-row-responsive-69e7c5fdbd177\"><div class=\"wpb_column vc_column_container vc_col-sm-12 vc_col-lg-6 vc_col-md-6 vc_col-xs-12\"><div class=\"vc_column-inner \"><div class=\"wpb_wrapper\">[vc_single_image image=&#8220;1075&#8243; img_size=&#8220;full&#8220; alignment=&#8220;center&#8220;]<\/div><\/div><\/div><div class=\"wpb_column vc_column_container vc_col-sm-12 vc_col-lg-6 vc_col-md-6 vc_col-xs-12 pofo-column-responsive-69e7c5fdbd305\"><div class=\"vc_column-inner vc_custom_1594300127524\"><div class=\"wpb_wrapper\"><div class=\"last-paragraph-no-margin\"><p>Delta Informatica SA bietet seinen Kunden die M\u00f6glichkeit, die Notwendigkeit von Investitionen in IKT-Hardware und -Infrastruktur mit IaaS-L\u00f6sungen zu eliminieren, die f\u00fcr KMUs mit dem &#8222;Pay-as-you-go&#8220;-Modell ideal sind.<\/p>\n<p><strong>Infrastructure-as-a-Service<\/strong> (<strong>IaaS<\/strong>) kann auf drei Arten erreicht werden:<\/p>\n<ul>\n<li>Public Cloud<\/li>\n<li>Private Cloud<\/li>\n<li>Hybrid Cloud<\/li>\n<\/ul>\n<\/div><\/div><\/div><\/div><\/section><div class=\"vc_row-full-width vc_clearfix\"><\/div><section class=\"vc_row wpb_row vc_row-fluid  vc_custom_1629902737032\"><div class=\"wpb_column vc_column_container vc_col-sm-12  col-xs-mobile-fullwidth\"><div class=\"vc_column-inner \"><div class=\"wpb_wrapper\"><div class=\"vc_row wpb_row vc_inner vc_row-fluid  vc_custom_1629902943086\"><div class=\"wpb_column vc_column_container vc_col-sm-12  col-xs-mobile-fullwidth\"><div class=\"vc_column-inner \"><div class=\"wpb_wrapper\"><div class=\"last-paragraph-no-margin\"><h4>Public Cloud Azure Microsoft<\/h4>\n<\/div><div class=\"last-paragraph-no-margin\"><p>Delta Informatica SA ist seit 2004 Microsoft-Partner, wobei Azure unser vorrangiger Weg ist, um unseren Kunden Public Cloud-L\u00f6sungen anzubieten.<\/p>\n<p>Azure ist eine sich st\u00e4ndig erweiternde Reihe von Cloud-Diensten, die mit Rechenzentren in der Schweiz die Bed\u00fcrfnisse von Compliance und digitaler Transformation unterst\u00fctzt.<\/p>\n<p>Azure bietet Ihnen die beste Sicherheit f\u00fcr Ihre Daten und ein umfangreiches und st\u00e4ndig wachsendes Anwendungs-Framework. Unser Expertenteam steht Ihnen zur Verf\u00fcgung, angefangen bei Office 365 L\u00f6sungen.<\/p>\n<\/div><\/div><\/div><\/div><\/div><div class=\"vc_row wpb_row vc_inner vc_row-fluid  vc_custom_1629902747926\"><div class=\"wpb_column vc_column_container vc_col-sm-12  col-xs-mobile-fullwidth\"><div class=\"vc_column-inner \"><div class=\"wpb_wrapper\"><div class=\"last-paragraph-no-margin\"><h4>Private Cloud Services<\/h4>\n<\/div><div class=\"last-paragraph-no-margin\"><p>Das Infrastrukturmanagement, unsere Aufgabe, entwickelt sich im Laufe der Zeit weiter. Delta Informatica SA bietet seinen Kunden vollst\u00e4ndig verwaltete Infrastructure as a Service (IaaS) L\u00f6sungen.<\/p>\n<p>L\u00f6sungen auf Schweizer Basis, die den ITIL-Standards entsprechen und darauf abzielen, eine ideale Kosten\/Effizienz-L\u00f6sung f\u00fcr Tessiner KMUs zu erreichen.<\/p>\n<p>Unser Fokus liegt auf den Aspekten der Sicherheit, der Vertraulichkeit und des Datenschutzes. Um die beste L\u00f6sung und Aufmerksamkeit zu bieten, werden alle IaaS-Dienstleistungen nur von Mitarbeitern und Systemen der Delta Informatica SA erbracht.<\/p>\n<p>Unser Angebot reicht von den besten VPS-L\u00f6sungen bis hin zu Virtual Workplace-L\u00f6sungen, die ideal f\u00fcr Smartworking sind (Desktop as a Service).<\/p>\n<\/div><\/div><\/div><\/div><\/div><div class=\"vc_row wpb_row vc_inner vc_row-fluid  vc_custom_1629902747926\"><div class=\"wpb_column vc_column_container vc_col-sm-12  col-xs-mobile-fullwidth\"><div class=\"vc_column-inner \"><div class=\"wpb_wrapper\"><div class=\"last-paragraph-no-margin\"><h4>Backup as a Service<\/h4>\n<\/div><div class=\"last-paragraph-no-margin\"><p>Delta Informatica SA bietet seinen Kunden in der Schweiz Backup-as-a-Service-L\u00f6sungen f\u00fcr physische und virtuelle Server.<\/p>\n<p>Unser Fokus liegt auf den Aspekten der Sicherheit, der Vertraulichkeit der Daten, um die beste L\u00f6sung und Aufmerksamkeit zu bieten, werden alle Backup-as-a-Service Dienstleistungen nur von Delta Informatica Sa Personal und Systeme bereitgestellt.<\/p>\n<\/div><\/div><\/div><\/div><\/div><div class=\"vc_row wpb_row vc_inner vc_row-fluid  vc_custom_1629902747926\"><div class=\"wpb_column vc_column_container vc_col-sm-12  col-xs-mobile-fullwidth\"><div class=\"vc_column-inner \"><div class=\"wpb_wrapper\"><div class=\"last-paragraph-no-margin\"><h4>Disaster Recovery as a Service<\/h4>\n<\/div><div class=\"last-paragraph-no-margin\"><p>Delta Informatica SA bietet seinen Kunden in der Schweiz Disaster Recovery as a Service L\u00f6sungen f\u00fcr physische und virtuelle Server an.<\/p>\n<p>Unser Fokus liegt auf den Aspekten der Sicherheit, der Vertraulichkeit der Daten, um die beste L\u00f6sung und Aufmerksamkeit zu bieten, werden alle Backup-as-a-Service-Dienste nur von Delta Informatica Sa Personal und Systeme bereitgestellt.<\/p>\n<\/div><\/div><\/div><\/div><\/div><\/div><\/div><\/div><\/section><section class=\"vc_row wpb_row vc_row-fluid  vc_custom_1594300231314 vc_row-o-content-middle vc_row-flex pofo-row-responsive-69e7c5fdbdd53\"><div class=\"wpb_column vc_column_container vc_col-sm-6  col-xs-mobile-fullwidth wow fadeIn text-center md-text-center sm-text-center xs-text-center\" data-wow-delay= 300ms><div class=\"vc_column-inner \"><div class=\"wpb_wrapper\">[vc_single_image image=&#8220;371&#8243; img_size=&#8220;full&#8220; alignment=&#8220;center&#8220;]<\/div><\/div><\/div><div class=\"wpb_column vc_column_container vc_col-sm-6  col-xs-mobile-fullwidth wow fadeInRight pofo-column-responsive-69e7c5fdbdedb\" data-wow-delay= 300ms><div class=\"vc_column-inner \"><div class=\"wpb_wrapper\"><div class=\" vc_custom_1710953276846 last-paragraph-no-margin\"><h2>SIND SIE INTERESSIERT<br \/>\nAN DIESER DIENSTLEISTUNG?<\/h2>\n<\/div><div class=\"last-paragraph-no-margin\"><h3>Fordern Sie eine kostenlose Beratung an und lassen Sie Ihr Unternehmen hoch fliegen&#8230;<\/h3>\n<\/div><div class=\"last-paragraph-no-margin\"><p>Sie k\u00f6nnen uns anrufen unter<\/p>\n<h3>+41(0)91.640.5560<\/h3>\n<\/div>[vc_empty_space height=&#8220;30px&#8220;]<a  href=\"https:\/\/www.deltainformatica.ch\/de\/kontakte\/\" target=\"_self\" class=\"btn btnDett01 pofo-button-1 button-style1  btn-dark-gray\" >Kontaktieren Sie uns<\/a><\/div><\/div><\/div><\/section>\n","protected":false},"excerpt":{"rendered":"CLOUD SOLUTIONS [vc_single_image image=\"1075\" img_size=\"full\" alignment=\"center\"]Delta Informatica SA bietet seinen Kunden die M\u00f6glichkeit, die Notwendigkeit von Investitionen in IKT-Hardware und -Infrastruktur mit IaaS-L\u00f6sungen zu eliminieren, die f\u00fcr KMUs mit dem \"Pay-as-you-go\"-Modell ideal sind. Infrastructure-as-a-Service (IaaS) kann auf drei Arten erreicht werden: Public Cloud Private Cloud Hybrid Cloud Public Cloud Azure Microsoft Delta Informatica SA ist seit 2004 Microsoft-Partner, wobei Azure unser vorrangiger Weg ist, um unseren Kunden Public Cloud-L\u00f6sungen anzubieten. Azure ist eine sich st\u00e4ndig erweiternde Reihe von Cloud-Diensten, die mit Rechenzentren in der Schweiz die Bed\u00fcrfnisse von Compliance und digitaler Transformation unterst\u00fctzt. Azure bietet Ihnen die beste Sicherheit f\u00fcr Ihre Daten und ein umfangreiches und st\u00e4ndig wachsendes Anwendungs-Framework. Unser Expertenteam steht Ihnen zur Verf\u00fcgung, angefangen bei Office 365 L\u00f6sungen. Private Cloud Services Das Infrastrukturmanagement, unsere Aufgabe, entwickelt sich im Laufe der Zeit weiter. Delta Informatica SA bietet seinen Kunden vollst\u00e4ndig verwaltete Infrastructure as a Service (IaaS) L\u00f6sungen. L\u00f6sungen auf Schweizer Basis, die den ITIL-Standards entsprechen und darauf abzielen, eine ideale Kosten\/Effizienz-L\u00f6sung f\u00fcr Tessiner KMUs zu erreichen. Unser Fokus liegt auf den Aspekten der Sicherheit, der Vertraulichkeit und des Datenschutzes. Um die beste L\u00f6sung und Aufmerksamkeit zu bieten, werden alle IaaS-Dienstleistungen nur von Mitarbeitern und Systemen der Delta Informatica SA...","protected":false},"author":4,"featured_media":0,"parent":1922,"menu_order":0,"comment_status":"closed","ping_status":"open","template":"","meta":{"footnotes":""},"class_list":["post-1941","page","type-page","status-publish","hentry"],"yoast_head":"<!-- This site is optimized with the Yoast SEO plugin v27.1.1 - https:\/\/yoast.com\/product\/yoast-seo-wordpress\/ -->\n<title>Cloud Solutions - Delta Informatica<\/title>\n<meta name=\"robots\" content=\"index, follow, max-snippet:-1, max-image-preview:large, max-video-preview:-1\" \/>\n<link rel=\"canonical\" href=\"https:\/\/www.deltainformatica.ch\/de\/ict\/cloud-solutions\/\" \/>\n<meta property=\"og:locale\" content=\"de_DE\" \/>\n<meta property=\"og:type\" content=\"article\" \/>\n<meta property=\"og:title\" content=\"Cloud Solutions - Delta Informatica\" \/>\n<meta property=\"og:url\" content=\"https:\/\/www.deltainformatica.ch\/de\/ict\/cloud-solutions\/\" \/>\n<meta property=\"og:site_name\" content=\"Delta Informatica\" \/>\n<meta property=\"article:modified_time\" content=\"2024-03-20T16:49:26+00:00\" \/>\n<meta name=\"twitter:card\" content=\"summary_large_image\" \/>\n<meta name=\"twitter:label1\" content=\"Gesch\u00e4tzte Lesezeit\" \/>\n\t<meta name=\"twitter:data1\" content=\"4\u00a0Minuten\" \/>\n<script type=\"application\/ld+json\" class=\"yoast-schema-graph\">{\"@context\":\"https:\/\/schema.org\",\"@graph\":[{\"@type\":\"WebPage\",\"@id\":\"https:\/\/www.deltainformatica.ch\/de\/ict\/cloud-solutions\/\",\"url\":\"https:\/\/www.deltainformatica.ch\/de\/ict\/cloud-solutions\/\",\"name\":\"Cloud Solutions - Delta Informatica\",\"isPartOf\":{\"@id\":\"https:\/\/www.deltainformatica.ch\/en\/#website\"},\"datePublished\":\"2021-08-25T13:39:04+00:00\",\"dateModified\":\"2024-03-20T16:49:26+00:00\",\"breadcrumb\":{\"@id\":\"https:\/\/www.deltainformatica.ch\/de\/ict\/cloud-solutions\/#breadcrumb\"},\"inLanguage\":\"de\",\"potentialAction\":[{\"@type\":\"ReadAction\",\"target\":[\"https:\/\/www.deltainformatica.ch\/de\/ict\/cloud-solutions\/\"]}]},{\"@type\":\"BreadcrumbList\",\"@id\":\"https:\/\/www.deltainformatica.ch\/de\/ict\/cloud-solutions\/#breadcrumb\",\"itemListElement\":[{\"@type\":\"ListItem\",\"position\":1,\"name\":\"Home\",\"item\":\"https:\/\/www.deltainformatica.ch\/de\/\"},{\"@type\":\"ListItem\",\"position\":2,\"name\":\"ICT\",\"item\":\"https:\/\/www.deltainformatica.ch\/de\/ict\/\"},{\"@type\":\"ListItem\",\"position\":3,\"name\":\"Cloud Solutions\"}]},{\"@type\":\"WebSite\",\"@id\":\"https:\/\/www.deltainformatica.ch\/en\/#website\",\"url\":\"https:\/\/www.deltainformatica.ch\/en\/\",\"name\":\"Delta Informatica\",\"description\":\"Soluzioni innovative per il mondo dell&#039;IT\",\"publisher\":{\"@id\":\"https:\/\/www.deltainformatica.ch\/en\/#organization\"},\"potentialAction\":[{\"@type\":\"SearchAction\",\"target\":{\"@type\":\"EntryPoint\",\"urlTemplate\":\"https:\/\/www.deltainformatica.ch\/en\/?s={search_term_string}\"},\"query-input\":{\"@type\":\"PropertyValueSpecification\",\"valueRequired\":true,\"valueName\":\"search_term_string\"}}],\"inLanguage\":\"de\"},{\"@type\":\"Organization\",\"@id\":\"https:\/\/www.deltainformatica.ch\/en\/#organization\",\"name\":\"Delta Informatica SA\",\"url\":\"https:\/\/www.deltainformatica.ch\/en\/\",\"logo\":{\"@type\":\"ImageObject\",\"inLanguage\":\"de\",\"@id\":\"https:\/\/www.deltainformatica.ch\/en\/#\/schema\/logo\/image\/\",\"url\":\"https:\/\/www.deltainformatica.ch\/wp-content\/uploads\/2020\/07\/delta-informatica-logo-01-ombra.png\",\"contentUrl\":\"https:\/\/www.deltainformatica.ch\/wp-content\/uploads\/2020\/07\/delta-informatica-logo-01-ombra.png\",\"width\":289,\"height\":230,\"caption\":\"Delta Informatica SA\"},\"image\":{\"@id\":\"https:\/\/www.deltainformatica.ch\/en\/#\/schema\/logo\/image\/\"}}]}<\/script>\n<!-- \/ Yoast SEO plugin. -->","yoast_head_json":{"title":"Cloud Solutions - Delta Informatica","robots":{"index":"index","follow":"follow","max-snippet":"max-snippet:-1","max-image-preview":"max-image-preview:large","max-video-preview":"max-video-preview:-1"},"canonical":"https:\/\/www.deltainformatica.ch\/de\/ict\/cloud-solutions\/","og_locale":"de_DE","og_type":"article","og_title":"Cloud Solutions - Delta Informatica","og_url":"https:\/\/www.deltainformatica.ch\/de\/ict\/cloud-solutions\/","og_site_name":"Delta Informatica","article_modified_time":"2024-03-20T16:49:26+00:00","twitter_card":"summary_large_image","twitter_misc":{"Gesch\u00e4tzte Lesezeit":"4\u00a0Minuten"},"schema":{"@context":"https:\/\/schema.org","@graph":[{"@type":"WebPage","@id":"https:\/\/www.deltainformatica.ch\/de\/ict\/cloud-solutions\/","url":"https:\/\/www.deltainformatica.ch\/de\/ict\/cloud-solutions\/","name":"Cloud Solutions - Delta Informatica","isPartOf":{"@id":"https:\/\/www.deltainformatica.ch\/en\/#website"},"datePublished":"2021-08-25T13:39:04+00:00","dateModified":"2024-03-20T16:49:26+00:00","breadcrumb":{"@id":"https:\/\/www.deltainformatica.ch\/de\/ict\/cloud-solutions\/#breadcrumb"},"inLanguage":"de","potentialAction":[{"@type":"ReadAction","target":["https:\/\/www.deltainformatica.ch\/de\/ict\/cloud-solutions\/"]}]},{"@type":"BreadcrumbList","@id":"https:\/\/www.deltainformatica.ch\/de\/ict\/cloud-solutions\/#breadcrumb","itemListElement":[{"@type":"ListItem","position":1,"name":"Home","item":"https:\/\/www.deltainformatica.ch\/de\/"},{"@type":"ListItem","position":2,"name":"ICT","item":"https:\/\/www.deltainformatica.ch\/de\/ict\/"},{"@type":"ListItem","position":3,"name":"Cloud Solutions"}]},{"@type":"WebSite","@id":"https:\/\/www.deltainformatica.ch\/en\/#website","url":"https:\/\/www.deltainformatica.ch\/en\/","name":"Delta Informatica","description":"Soluzioni innovative per il mondo dell&#039;IT","publisher":{"@id":"https:\/\/www.deltainformatica.ch\/en\/#organization"},"potentialAction":[{"@type":"SearchAction","target":{"@type":"EntryPoint","urlTemplate":"https:\/\/www.deltainformatica.ch\/en\/?s={search_term_string}"},"query-input":{"@type":"PropertyValueSpecification","valueRequired":true,"valueName":"search_term_string"}}],"inLanguage":"de"},{"@type":"Organization","@id":"https:\/\/www.deltainformatica.ch\/en\/#organization","name":"Delta Informatica SA","url":"https:\/\/www.deltainformatica.ch\/en\/","logo":{"@type":"ImageObject","inLanguage":"de","@id":"https:\/\/www.deltainformatica.ch\/en\/#\/schema\/logo\/image\/","url":"https:\/\/www.deltainformatica.ch\/wp-content\/uploads\/2020\/07\/delta-informatica-logo-01-ombra.png","contentUrl":"https:\/\/www.deltainformatica.ch\/wp-content\/uploads\/2020\/07\/delta-informatica-logo-01-ombra.png","width":289,"height":230,"caption":"Delta Informatica SA"},"image":{"@id":"https:\/\/www.deltainformatica.ch\/en\/#\/schema\/logo\/image\/"}}]}},"_links":{"self":[{"href":"https:\/\/www.deltainformatica.ch\/de\/wp-json\/wp\/v2\/pages\/1941","targetHints":{"allow":["GET"]}}],"collection":[{"href":"https:\/\/www.deltainformatica.ch\/de\/wp-json\/wp\/v2\/pages"}],"about":[{"href":"https:\/\/www.deltainformatica.ch\/de\/wp-json\/wp\/v2\/types\/page"}],"author":[{"embeddable":true,"href":"https:\/\/www.deltainformatica.ch\/de\/wp-json\/wp\/v2\/users\/4"}],"replies":[{"embeddable":true,"href":"https:\/\/www.deltainformatica.ch\/de\/wp-json\/wp\/v2\/comments?post=1941"}],"version-history":[{"count":8,"href":"https:\/\/www.deltainformatica.ch\/de\/wp-json\/wp\/v2\/pages\/1941\/revisions"}],"predecessor-version":[{"id":2071,"href":"https:\/\/www.deltainformatica.ch\/de\/wp-json\/wp\/v2\/pages\/1941\/revisions\/2071"}],"up":[{"embeddable":true,"href":"https:\/\/www.deltainformatica.ch\/de\/wp-json\/wp\/v2\/pages\/1922"}],"wp:attachment":[{"href":"https:\/\/www.deltainformatica.ch\/de\/wp-json\/wp\/v2\/media?parent=1941"}],"curies":[{"name":"wp","href":"https:\/\/api.w.org\/{rel}","templated":true}]}}