{"id":1945,"date":"2021-08-25T14:05:14","date_gmt":"2021-08-25T14:05:14","guid":{"rendered":"https:\/\/www.deltainformatica.ch\/?page_id=1945"},"modified":"2024-03-22T09:37:28","modified_gmt":"2024-03-22T09:37:28","slug":"consulting","status":"publish","type":"page","link":"https:\/\/www.deltainformatica.ch\/de\/ict\/consulting\/","title":{"rendered":"Consulting"},"content":{"rendered":"<section data-vc-full-width=\"true\" data-vc-full-width-init=\"false\" data-vc-stretch-content=\"true\" class=\"vc_row wpb_row vc_row-fluid  vc_custom_1594221998998 pofo-stretch-content vc_row-no-padding vc_row-o-content-bottom vc_row-flex\"><div class=\"wpb_column vc_column_container vc_col-sm-12  col-xs-mobile-fullwidth\"><div class=\"vc_column-inner \"><div class=\"wpb_wrapper\"><div class=\"vc_row wpb_row vc_inner vc_row-fluid  vc_custom_1653914619854 vc_row-has-fill cover-background bg-position-center-center wow fadeIn pofo-inner-row-responsive-69e74a667a0bb\" style=\"min-height: 362px;\"><div class=\"wpb_column vc_column_container vc_col-sm-12  col-xs-mobile-fullwidth\"><div class=\"vc_column-inner \"><div class=\"wpb_wrapper\"><\/div><\/div><\/div><\/div><div class=\"vc_row wpb_row vc_inner vc_row-fluid titleMainCont vc_custom_1594297942879 pofo-inner-row-responsive-69e74a667a244\"><div class=\"wpb_column vc_column_container vc_col-has-fill titleMain vc_col-sm-12 vc_col-lg-6 vc_col-md-6 vc_col-xs-12 wow fadeInUp text-center md-text-center sm-text-center xs-text-center display-inline-block md-display-inline-block sm-display-block xs-display-block pofo-column-responsive-69e74a667a34f\" data-wow-delay= 300ms><div class=\"vc_column-inner vc_custom_1594297984225\"><div class=\"wpb_wrapper\"><div class=\"last-paragraph-no-margin\"><h1>CONSULTING<\/h1>\n<\/div><\/div><\/div><\/div><\/div><\/div><\/div><\/div><\/section><div class=\"vc_row-full-width vc_clearfix\"><\/div><section data-vc-full-width=\"true\" data-vc-full-width-init=\"false\" class=\"vc_row wpb_row vc_row-fluid  vc_custom_1594298096314 pofo-stretch-content pofo-stretch-row-container vc_row-o-content-middle vc_row-flex pofo-row-responsive-69e74a667a519\"><div class=\"wpb_column vc_column_container vc_col-sm-12 vc_col-lg-6 vc_col-md-6 vc_col-xs-12\"><div class=\"vc_column-inner \"><div class=\"wpb_wrapper\">[vc_single_image image=&#8220;1081&#8243; img_size=&#8220;full&#8220; alignment=&#8220;center&#8220;]<\/div><\/div><\/div><div class=\"wpb_column vc_column_container vc_col-sm-12 vc_col-lg-6 vc_col-md-6 vc_col-xs-12 pofo-column-responsive-69e74a667a686\"><div class=\"vc_column-inner vc_custom_1594300127524\"><div class=\"wpb_wrapper\"><div class=\"last-paragraph-no-margin\"><p>Unser Beratungsteam bietet Professionalit\u00e4t, Fachwissen und Enthusiasmus zur Unterst\u00fctzung Ihrer digitalen Transformation, Sicherheit, Cloud, Infrastruktur&#8230;<\/p>\n<\/div><\/div><\/div><\/div><\/section><div class=\"vc_row-full-width vc_clearfix\"><\/div><section class=\"vc_row wpb_row vc_row-fluid  vc_custom_1629903138641\"><div class=\"wpb_column vc_column_container vc_col-sm-12  col-xs-mobile-fullwidth\"><div class=\"vc_column-inner \"><div class=\"wpb_wrapper\"><div class=\"vc_row wpb_row vc_inner vc_row-fluid\"><div class=\"wpb_column vc_column_container vc_col-sm-12  col-xs-mobile-fullwidth\"><div class=\"vc_column-inner \"><div class=\"wpb_wrapper\"><div class=\"last-paragraph-no-margin\"><h4>SECO Authorization<\/h4>\n<\/div><div class=\"last-paragraph-no-margin\"><p>Delta Informatica SA ist seit 2014 vom SECO gem\u00e4ss den geltenden Vorschriften im Bereich des Personalverleihs (Body Rental) zugelassen.<\/p>\n<\/div><\/div><\/div><\/div><\/div><div class=\"vc_row wpb_row vc_inner vc_row-fluid  vc_custom_1629903654806\"><div class=\"wpb_column vc_column_container vc_col-sm-12  col-xs-mobile-fullwidth\"><div class=\"vc_column-inner \"><div class=\"wpb_wrapper\"><div class=\"last-paragraph-no-margin\"><h4>System Integration<\/h4>\n<\/div><div class=\"last-paragraph-no-margin\"><p>Delta Informatica SA bietet seinen Kunden Beratung in den Bereichen Infrastruktur, Projekte, Entwicklung und digitale Transformation.<\/p>\n<p>Die Professionalit\u00e4t und Erfahrung unserer Mitarbeiter sind die erste Referenz f\u00fcr die Qualit\u00e4t der angebotenen Dienstleistung.<\/p>\n<\/div><\/div><\/div><\/div><\/div><div class=\"vc_row wpb_row vc_inner vc_row-fluid  vc_custom_1629903662073\"><div class=\"wpb_column vc_column_container vc_col-sm-12  col-xs-mobile-fullwidth\"><div class=\"vc_column-inner \"><div class=\"wpb_wrapper\"><div class=\"last-paragraph-no-margin\"><h4>Educational<\/h4>\n<\/div><div class=\"last-paragraph-no-margin\"><p>Delta Informatica SA bietet seinen Kunden spezielle Schulungsl\u00f6sungen mit internen Ressourcen oder den Dienstleistungen unserer Partner.<\/p>\n<p>Besonders gefragt sind Security Awareness-Schulungen, die darauf abzielen, die Einstellung der Mitarbeiter zur korrekten Nutzung der Systeme unter Sicherheitsaspekten zu verbessern.<\/p>\n<\/div><\/div><\/div><\/div><\/div><\/div><\/div><\/div><\/section><section class=\"vc_row wpb_row vc_row-fluid  vc_custom_1594300231314 vc_row-o-content-middle vc_row-flex pofo-row-responsive-69e74a667aeb8\"><div class=\"wpb_column vc_column_container vc_col-sm-6  col-xs-mobile-fullwidth wow fadeIn text-center md-text-center sm-text-center xs-text-center\" data-wow-delay= 300ms><div class=\"vc_column-inner \"><div class=\"wpb_wrapper\">[vc_single_image image=&#8220;371&#8243; img_size=&#8220;full&#8220; alignment=&#8220;center&#8220;]<\/div><\/div><\/div><div class=\"wpb_column vc_column_container vc_col-sm-6  col-xs-mobile-fullwidth wow fadeInRight pofo-column-responsive-69e74a667b04f\" data-wow-delay= 300ms><div class=\"vc_column-inner \"><div class=\"wpb_wrapper\"><div class=\" vc_custom_1711100057280 last-paragraph-no-margin\"><h2>SIND SIE INTERESSIERT<br \/>\nAN DIESER DIENSTLEISTUNG?<\/h2>\n<\/div><div class=\"last-paragraph-no-margin\"><h3>Fordern Sie ein kostenloses Beratungsgespr\u00e4ch an und lassen Sie Ihr Unternehmen hoch fliegen&#8230;<\/h3>\n<\/div><div class=\"last-paragraph-no-margin\"><p>Sie k\u00f6nnen uns anrufen unter<\/p>\n<h3>+41(0)91.640.5560<\/h3>\n<\/div>[vc_empty_space height=&#8220;30px&#8220;]<a  href=\"https:\/\/www.deltainformatica.ch\/de\/kontakte\/\" target=\"_self\" class=\"btn btnDett01 pofo-button-1 button-style1  btn-dark-gray\" >Kontakt<\/a><\/div><\/div><\/div><\/section>\n","protected":false},"excerpt":{"rendered":"CONSULTING [vc_single_image image=\"1081\" img_size=\"full\" alignment=\"center\"]Unser Beratungsteam bietet Professionalit\u00e4t, Fachwissen und Enthusiasmus zur Unterst\u00fctzung Ihrer digitalen Transformation, Sicherheit, Cloud, Infrastruktur... SECO Authorization Delta Informatica SA ist seit 2014 vom SECO gem\u00e4ss den geltenden Vorschriften im Bereich des Personalverleihs (Body Rental) zugelassen. System Integration Delta Informatica SA bietet seinen Kunden Beratung in den Bereichen Infrastruktur, Projekte, Entwicklung und digitale Transformation. Die Professionalit\u00e4t und Erfahrung unserer Mitarbeiter sind die erste Referenz f\u00fcr die Qualit\u00e4t der angebotenen Dienstleistung. Educational Delta Informatica SA bietet seinen Kunden spezielle Schulungsl\u00f6sungen mit internen Ressourcen oder den Dienstleistungen unserer Partner. Besonders gefragt sind Security Awareness-Schulungen, die darauf abzielen, die Einstellung der Mitarbeiter zur korrekten Nutzung der Systeme unter Sicherheitsaspekten zu verbessern. [vc_single_image image=\"371\" img_size=\"full\" alignment=\"center\"]SIND SIE INTERESSIERT AN DIESER DIENSTLEISTUNG? Fordern Sie ein kostenloses Beratungsgespr\u00e4ch an und lassen Sie Ihr Unternehmen hoch fliegen... Sie k\u00f6nnen uns anrufen unter +41(0)91.640.5560 [vc_empty_space height=\"30px\"]Kontakt","protected":false},"author":4,"featured_media":0,"parent":1922,"menu_order":0,"comment_status":"closed","ping_status":"open","template":"","meta":{"footnotes":""},"class_list":["post-1945","page","type-page","status-publish","hentry"],"yoast_head":"<!-- This site is optimized with the Yoast SEO plugin v27.1.1 - https:\/\/yoast.com\/product\/yoast-seo-wordpress\/ -->\n<title>Consulting - Delta Informatica<\/title>\n<meta name=\"robots\" content=\"index, follow, max-snippet:-1, max-image-preview:large, max-video-preview:-1\" \/>\n<link rel=\"canonical\" href=\"https:\/\/www.deltainformatica.ch\/de\/ict\/consulting\/\" \/>\n<meta property=\"og:locale\" content=\"de_DE\" \/>\n<meta property=\"og:type\" content=\"article\" \/>\n<meta property=\"og:title\" content=\"Consulting - Delta Informatica\" \/>\n<meta property=\"og:url\" content=\"https:\/\/www.deltainformatica.ch\/de\/ict\/consulting\/\" \/>\n<meta property=\"og:site_name\" content=\"Delta Informatica\" \/>\n<meta property=\"article:modified_time\" content=\"2024-03-22T09:37:28+00:00\" \/>\n<meta name=\"twitter:card\" content=\"summary_large_image\" \/>\n<meta name=\"twitter:label1\" content=\"Gesch\u00e4tzte Lesezeit\" \/>\n\t<meta name=\"twitter:data1\" content=\"2\u00a0Minuten\" \/>\n<script type=\"application\/ld+json\" class=\"yoast-schema-graph\">{\"@context\":\"https:\/\/schema.org\",\"@graph\":[{\"@type\":\"WebPage\",\"@id\":\"https:\/\/www.deltainformatica.ch\/de\/ict\/consulting\/\",\"url\":\"https:\/\/www.deltainformatica.ch\/de\/ict\/consulting\/\",\"name\":\"Consulting - Delta Informatica\",\"isPartOf\":{\"@id\":\"https:\/\/www.deltainformatica.ch\/en\/#website\"},\"datePublished\":\"2021-08-25T14:05:14+00:00\",\"dateModified\":\"2024-03-22T09:37:28+00:00\",\"breadcrumb\":{\"@id\":\"https:\/\/www.deltainformatica.ch\/de\/ict\/consulting\/#breadcrumb\"},\"inLanguage\":\"de\",\"potentialAction\":[{\"@type\":\"ReadAction\",\"target\":[\"https:\/\/www.deltainformatica.ch\/de\/ict\/consulting\/\"]}]},{\"@type\":\"BreadcrumbList\",\"@id\":\"https:\/\/www.deltainformatica.ch\/de\/ict\/consulting\/#breadcrumb\",\"itemListElement\":[{\"@type\":\"ListItem\",\"position\":1,\"name\":\"Home\",\"item\":\"https:\/\/www.deltainformatica.ch\/de\/\"},{\"@type\":\"ListItem\",\"position\":2,\"name\":\"ICT\",\"item\":\"https:\/\/www.deltainformatica.ch\/de\/ict\/\"},{\"@type\":\"ListItem\",\"position\":3,\"name\":\"Consulting\"}]},{\"@type\":\"WebSite\",\"@id\":\"https:\/\/www.deltainformatica.ch\/en\/#website\",\"url\":\"https:\/\/www.deltainformatica.ch\/en\/\",\"name\":\"Delta Informatica\",\"description\":\"Soluzioni innovative per il mondo dell&#039;IT\",\"publisher\":{\"@id\":\"https:\/\/www.deltainformatica.ch\/en\/#organization\"},\"potentialAction\":[{\"@type\":\"SearchAction\",\"target\":{\"@type\":\"EntryPoint\",\"urlTemplate\":\"https:\/\/www.deltainformatica.ch\/en\/?s={search_term_string}\"},\"query-input\":{\"@type\":\"PropertyValueSpecification\",\"valueRequired\":true,\"valueName\":\"search_term_string\"}}],\"inLanguage\":\"de\"},{\"@type\":\"Organization\",\"@id\":\"https:\/\/www.deltainformatica.ch\/en\/#organization\",\"name\":\"Delta Informatica SA\",\"url\":\"https:\/\/www.deltainformatica.ch\/en\/\",\"logo\":{\"@type\":\"ImageObject\",\"inLanguage\":\"de\",\"@id\":\"https:\/\/www.deltainformatica.ch\/en\/#\/schema\/logo\/image\/\",\"url\":\"https:\/\/www.deltainformatica.ch\/wp-content\/uploads\/2020\/07\/delta-informatica-logo-01-ombra.png\",\"contentUrl\":\"https:\/\/www.deltainformatica.ch\/wp-content\/uploads\/2020\/07\/delta-informatica-logo-01-ombra.png\",\"width\":289,\"height\":230,\"caption\":\"Delta Informatica SA\"},\"image\":{\"@id\":\"https:\/\/www.deltainformatica.ch\/en\/#\/schema\/logo\/image\/\"}}]}<\/script>\n<!-- \/ Yoast SEO plugin. -->","yoast_head_json":{"title":"Consulting - Delta Informatica","robots":{"index":"index","follow":"follow","max-snippet":"max-snippet:-1","max-image-preview":"max-image-preview:large","max-video-preview":"max-video-preview:-1"},"canonical":"https:\/\/www.deltainformatica.ch\/de\/ict\/consulting\/","og_locale":"de_DE","og_type":"article","og_title":"Consulting - Delta Informatica","og_url":"https:\/\/www.deltainformatica.ch\/de\/ict\/consulting\/","og_site_name":"Delta Informatica","article_modified_time":"2024-03-22T09:37:28+00:00","twitter_card":"summary_large_image","twitter_misc":{"Gesch\u00e4tzte Lesezeit":"2\u00a0Minuten"},"schema":{"@context":"https:\/\/schema.org","@graph":[{"@type":"WebPage","@id":"https:\/\/www.deltainformatica.ch\/de\/ict\/consulting\/","url":"https:\/\/www.deltainformatica.ch\/de\/ict\/consulting\/","name":"Consulting - Delta Informatica","isPartOf":{"@id":"https:\/\/www.deltainformatica.ch\/en\/#website"},"datePublished":"2021-08-25T14:05:14+00:00","dateModified":"2024-03-22T09:37:28+00:00","breadcrumb":{"@id":"https:\/\/www.deltainformatica.ch\/de\/ict\/consulting\/#breadcrumb"},"inLanguage":"de","potentialAction":[{"@type":"ReadAction","target":["https:\/\/www.deltainformatica.ch\/de\/ict\/consulting\/"]}]},{"@type":"BreadcrumbList","@id":"https:\/\/www.deltainformatica.ch\/de\/ict\/consulting\/#breadcrumb","itemListElement":[{"@type":"ListItem","position":1,"name":"Home","item":"https:\/\/www.deltainformatica.ch\/de\/"},{"@type":"ListItem","position":2,"name":"ICT","item":"https:\/\/www.deltainformatica.ch\/de\/ict\/"},{"@type":"ListItem","position":3,"name":"Consulting"}]},{"@type":"WebSite","@id":"https:\/\/www.deltainformatica.ch\/en\/#website","url":"https:\/\/www.deltainformatica.ch\/en\/","name":"Delta Informatica","description":"Soluzioni innovative per il mondo dell&#039;IT","publisher":{"@id":"https:\/\/www.deltainformatica.ch\/en\/#organization"},"potentialAction":[{"@type":"SearchAction","target":{"@type":"EntryPoint","urlTemplate":"https:\/\/www.deltainformatica.ch\/en\/?s={search_term_string}"},"query-input":{"@type":"PropertyValueSpecification","valueRequired":true,"valueName":"search_term_string"}}],"inLanguage":"de"},{"@type":"Organization","@id":"https:\/\/www.deltainformatica.ch\/en\/#organization","name":"Delta Informatica SA","url":"https:\/\/www.deltainformatica.ch\/en\/","logo":{"@type":"ImageObject","inLanguage":"de","@id":"https:\/\/www.deltainformatica.ch\/en\/#\/schema\/logo\/image\/","url":"https:\/\/www.deltainformatica.ch\/wp-content\/uploads\/2020\/07\/delta-informatica-logo-01-ombra.png","contentUrl":"https:\/\/www.deltainformatica.ch\/wp-content\/uploads\/2020\/07\/delta-informatica-logo-01-ombra.png","width":289,"height":230,"caption":"Delta Informatica SA"},"image":{"@id":"https:\/\/www.deltainformatica.ch\/en\/#\/schema\/logo\/image\/"}}]}},"_links":{"self":[{"href":"https:\/\/www.deltainformatica.ch\/de\/wp-json\/wp\/v2\/pages\/1945","targetHints":{"allow":["GET"]}}],"collection":[{"href":"https:\/\/www.deltainformatica.ch\/de\/wp-json\/wp\/v2\/pages"}],"about":[{"href":"https:\/\/www.deltainformatica.ch\/de\/wp-json\/wp\/v2\/types\/page"}],"author":[{"embeddable":true,"href":"https:\/\/www.deltainformatica.ch\/de\/wp-json\/wp\/v2\/users\/4"}],"replies":[{"embeddable":true,"href":"https:\/\/www.deltainformatica.ch\/de\/wp-json\/wp\/v2\/comments?post=1945"}],"version-history":[{"count":6,"href":"https:\/\/www.deltainformatica.ch\/de\/wp-json\/wp\/v2\/pages\/1945\/revisions"}],"predecessor-version":[{"id":2101,"href":"https:\/\/www.deltainformatica.ch\/de\/wp-json\/wp\/v2\/pages\/1945\/revisions\/2101"}],"up":[{"embeddable":true,"href":"https:\/\/www.deltainformatica.ch\/de\/wp-json\/wp\/v2\/pages\/1922"}],"wp:attachment":[{"href":"https:\/\/www.deltainformatica.ch\/de\/wp-json\/wp\/v2\/media?parent=1945"}],"curies":[{"name":"wp","href":"https:\/\/api.w.org\/{rel}","templated":true}]}}