{"id":1949,"date":"2022-05-24T10:25:06","date_gmt":"2022-05-24T10:25:06","guid":{"rendered":"https:\/\/www.deltainformatica.ch\/?page_id=1949"},"modified":"2024-03-22T09:06:24","modified_gmt":"2024-03-22T09:06:24","slug":"financial-solution","status":"publish","type":"page","link":"https:\/\/www.deltainformatica.ch\/de\/ict\/financial-solution\/","title":{"rendered":"Financial solution"},"content":{"rendered":"<section data-vc-full-width=\"true\" data-vc-full-width-init=\"false\" data-vc-stretch-content=\"true\" class=\"vc_row wpb_row vc_row-fluid  vc_custom_1594221998998 pofo-stretch-content vc_row-no-padding vc_row-o-content-bottom vc_row-flex\"><div class=\"wpb_column vc_column_container vc_col-sm-12  col-xs-mobile-fullwidth\"><div class=\"vc_column-inner \"><div class=\"wpb_wrapper\"><div class=\"vc_row wpb_row vc_inner vc_row-fluid  vc_custom_1653914629556 vc_row-has-fill cover-background bg-position-center-center wow fadeIn pofo-inner-row-responsive-69e7c724c4828\" style=\"min-height: 362px;\"><div class=\"wpb_column vc_column_container vc_col-sm-12  col-xs-mobile-fullwidth\"><div class=\"vc_column-inner \"><div class=\"wpb_wrapper\"><\/div><\/div><\/div><\/div><div class=\"vc_row wpb_row vc_inner vc_row-fluid titleMainCont vc_custom_1594297942879 pofo-inner-row-responsive-69e7c724c4926\"><div class=\"wpb_column vc_column_container vc_col-has-fill titleMain vc_col-sm-12 vc_col-lg-6 vc_col-md-6 vc_col-xs-12 wow fadeInUp text-center md-text-center sm-text-center xs-text-center display-inline-block md-display-inline-block sm-display-block xs-display-block pofo-column-responsive-69e7c724c49d1\" data-wow-delay= 300ms><div class=\"vc_column-inner vc_custom_1594297984225\"><div class=\"wpb_wrapper\"><div class=\"last-paragraph-no-margin\"><h1>FINANCIAL SOLUTION<\/h1>\n<\/div><\/div><\/div><\/div><\/div><\/div><\/div><\/div><\/section><div class=\"vc_row-full-width vc_clearfix\"><\/div><section data-vc-full-width=\"true\" data-vc-full-width-init=\"false\" class=\"vc_row wpb_row vc_row-fluid  vc_custom_1594298096314 pofo-stretch-content pofo-stretch-row-container vc_row-o-content-middle vc_row-flex pofo-row-responsive-69e7c724c4af7\"><div class=\"wpb_column vc_column_container vc_col-sm-12 vc_col-lg-6 vc_col-md-6 vc_col-xs-12\"><div class=\"vc_column-inner \"><div class=\"wpb_wrapper\">[vc_single_image image=&#8220;1165&#8243; img_size=&#8220;full&#8220; alignment=&#8220;center&#8220;]<\/div><\/div><\/div><div class=\"wpb_column vc_column_container vc_col-sm-12 vc_col-lg-6 vc_col-md-6 vc_col-xs-12 pofo-column-responsive-69e7c724c4bec\"><div class=\"vc_column-inner vc_custom_1594300127524\"><div class=\"wpb_wrapper\"><div class=\"last-paragraph-no-margin\"><p>Optimieren Sie Ihre IT-Assets und Ressourcen mit unseren Finanzl\u00f6sungen.<\/p>\n<p>Unsere innovativen Finanzierungsmodelle erm\u00f6glichen es Ihnen:<\/p>\n<ul>\n<li>Beschleunigung der Innovation<\/li>\n<li>Zunehmende Flexibilit\u00e4t gegen\u00fcber gesch\u00e4ftlichen Ver\u00e4nderungen<\/li>\n<li>Umwandlung von CAPEX-Investitionen in OPEX<\/li>\n<li>Vermeidung von \u00dcberbevorratung<\/li>\n<\/ul>\n<\/div><\/div><\/div><\/div><\/section><div class=\"vc_row-full-width vc_clearfix\"><\/div><section class=\"vc_row wpb_row vc_row-fluid  vc_custom_1629903138641\"><div class=\"wpb_column vc_column_container vc_col-sm-12  col-xs-mobile-fullwidth\"><div class=\"vc_column-inner \"><div class=\"wpb_wrapper\"><div class=\"vc_row wpb_row vc_inner vc_row-fluid\"><div class=\"wpb_column vc_column_container vc_col-sm-12  col-xs-mobile-fullwidth\"><div class=\"vc_column-inner \"><div class=\"wpb_wrapper\"><div class=\"last-paragraph-no-margin\"><h4>Device As a Service<\/h4>\n<\/div><div class=\"last-paragraph-no-margin\"><p>Unser &#8222;Device as a Service&#8220;-Angebot bietet eine komplette Servicel\u00f6sung f\u00fcr den Lebenszyklus des Ger\u00e4ts.<\/p>\n<p>Mit HP Device as a Service (DaaS) erhalten Sie eine vollst\u00e4ndige, einheitliche L\u00f6sung f\u00fcr die Verwaltung von Endger\u00e4ten sowie f\u00fcr Analysen, Support und Hardware mit planbaren IT-Ausgaben. Eliminieren Sie m\u00fchsame Support- und \u00dcberwachungsaufgaben sowie die Verwaltung von Ger\u00e4ten mit unterschiedlichen Betriebssystemen und konzentrieren Sie sich auf das, was Ihr Unternehmen voranbringt. Reduzieren Sie die Komplexit\u00e4t der Beschaffung mit einfachen, flexiblen Pl\u00e4nen, die sich leicht an Ihre spezifischen Gesch\u00e4ftsanforderungen anpassen lassen.<\/p>\n<\/div><\/div><\/div><\/div><\/div><div class=\"vc_row wpb_row vc_inner vc_row-fluid  vc_custom_1629903654806\"><div class=\"wpb_column vc_column_container vc_col-sm-12  col-xs-mobile-fullwidth\"><div class=\"vc_column-inner \"><div class=\"wpb_wrapper\"><div class=\"last-paragraph-no-margin\"><h4>Datacenter As a Service<\/h4>\n<\/div><div class=\"last-paragraph-no-margin\"><p>Datacenter As a Service &#8211; die Alternative oder Erg\u00e4nzung zu Cloud-L\u00f6sungen.<\/p>\n<p>Verbessern Sie Ihre F\u00e4higkeit zur Skalierung von Hardware, Software und IT-Support, um mit den Anforderungen einer sich st\u00e4ndig ver\u00e4ndernden Infrastruktur Schritt zu halten.<\/p>\n<p>Delta Informatica SA bietet verschiedene L\u00f6sungen f\u00fcr Infrastrukturdienste an<\/p>\n<ul>\n<li><a href=\"https:\/\/www.lenovo.com\/it\/it\/data-center\/services\/truscale-infrastructure-services\" target=\"_blank\" rel=\"noopener noreferrer\">Lenovo TruScale Infrastructure Services<\/a><\/li>\n<li><a href=\"https:\/\/www.hpe.com\/it\/it\/greenlake.html\" target=\"_blank\" rel=\"noopener noreferrer\">HPE Greenlake<\/a><\/li>\n<\/ul>\n<\/div><\/div><\/div><\/div><\/div><div class=\"vc_row wpb_row vc_inner vc_row-fluid  vc_custom_1629903662073\"><div class=\"wpb_column vc_column_container vc_col-sm-12  col-xs-mobile-fullwidth\"><div class=\"vc_column-inner \"><div class=\"wpb_wrapper\"><div class=\"last-paragraph-no-margin\"><h4>Renting\/Leasing<\/h4>\n<\/div><div class=\"last-paragraph-no-margin\"><p>Delta Informatica SA, Partner der f\u00fchrenden Finanzdienstleister in der ICT-Welt, bietet Miet- oder Leasingl\u00f6sungen an.<\/p>\n<\/div><\/div><\/div><\/div><\/div><\/div><\/div><\/div><\/section><section class=\"vc_row wpb_row vc_row-fluid  vc_custom_1594300231314 vc_row-o-content-middle vc_row-flex pofo-row-responsive-69e7c724c518d\"><div class=\"wpb_column vc_column_container vc_col-sm-6  col-xs-mobile-fullwidth wow fadeIn text-center md-text-center sm-text-center xs-text-center\" data-wow-delay= 300ms><div class=\"vc_column-inner \"><div class=\"wpb_wrapper\">[vc_single_image image=&#8220;371&#8243; img_size=&#8220;full&#8220; alignment=&#8220;center&#8220;]<\/div><\/div><\/div><div class=\"wpb_column vc_column_container vc_col-sm-6  col-xs-mobile-fullwidth wow fadeInRight pofo-column-responsive-69e7c724c5291\" data-wow-delay= 300ms><div class=\"vc_column-inner \"><div class=\"wpb_wrapper\"><div class=\" vc_custom_1711098202733 last-paragraph-no-margin\"><h2>SIND SIE INTERESSIERT<br \/>\nAN DIESER DIENSTLEISTUNG?<\/h2>\n<\/div><div class=\"last-paragraph-no-margin\"><h3>Fordern Sie ein kostenloses Beratungsgespr\u00e4ch an und lassen Sie Ihr Unternehmen hoch fliegen&#8230;<\/h3>\n<\/div><div class=\"last-paragraph-no-margin\"><p>Sie k\u00f6nnen uns anrufen unter<\/p>\n<h3>+41(0)91.640.5560<\/h3>\n<\/div>[vc_empty_space height=&#8220;30px&#8220;]<a  href=\"https:\/\/www.deltainformatica.ch\/de\/kontakte\/\" target=\"_self\" class=\"btn btnDett01 pofo-button-1 button-style1  btn-dark-gray\" >Kontakt<\/a><\/div><\/div><\/div><\/section>\n","protected":false},"excerpt":{"rendered":"FINANCIAL SOLUTION [vc_single_image image=\"1165\" img_size=\"full\" alignment=\"center\"]Optimieren Sie Ihre IT-Assets und Ressourcen mit unseren Finanzl\u00f6sungen. Unsere innovativen Finanzierungsmodelle erm\u00f6glichen es Ihnen: Beschleunigung der Innovation Zunehmende Flexibilit\u00e4t gegen\u00fcber gesch\u00e4ftlichen Ver\u00e4nderungen Umwandlung von CAPEX-Investitionen in OPEX Vermeidung von \u00dcberbevorratung Device As a Service Unser \"Device as a Service\"-Angebot bietet eine komplette Servicel\u00f6sung f\u00fcr den Lebenszyklus des Ger\u00e4ts. Mit HP Device as a Service (DaaS) erhalten Sie eine vollst\u00e4ndige, einheitliche L\u00f6sung f\u00fcr die Verwaltung von Endger\u00e4ten sowie f\u00fcr Analysen, Support und Hardware mit planbaren IT-Ausgaben. Eliminieren Sie m\u00fchsame Support- und \u00dcberwachungsaufgaben sowie die Verwaltung von Ger\u00e4ten mit unterschiedlichen Betriebssystemen und konzentrieren Sie sich auf das, was Ihr Unternehmen voranbringt. Reduzieren Sie die Komplexit\u00e4t der Beschaffung mit einfachen, flexiblen Pl\u00e4nen, die sich leicht an Ihre spezifischen Gesch\u00e4ftsanforderungen anpassen lassen. Datacenter As a Service Datacenter As a Service - die Alternative oder Erg\u00e4nzung zu Cloud-L\u00f6sungen. Verbessern Sie Ihre F\u00e4higkeit zur Skalierung von Hardware, Software und IT-Support, um mit den Anforderungen einer sich st\u00e4ndig ver\u00e4ndernden Infrastruktur Schritt zu halten. Delta Informatica SA bietet verschiedene L\u00f6sungen f\u00fcr Infrastrukturdienste an Lenovo TruScale Infrastructure Services HPE Greenlake Renting\/Leasing Delta Informatica SA, Partner der f\u00fchrenden Finanzdienstleister in der ICT-Welt, bietet Miet- oder Leasingl\u00f6sungen an. [vc_single_image image=\"371\" img_size=\"full\" alignment=\"center\"]SIND SIE INTERESSIERT AN...","protected":false},"author":4,"featured_media":0,"parent":1922,"menu_order":0,"comment_status":"closed","ping_status":"open","template":"","meta":{"footnotes":""},"class_list":["post-1949","page","type-page","status-publish","hentry"],"yoast_head":"<!-- This site is optimized with the Yoast SEO plugin v27.1.1 - https:\/\/yoast.com\/product\/yoast-seo-wordpress\/ -->\n<title>Financial solution - Delta Informatica<\/title>\n<meta name=\"robots\" content=\"index, follow, max-snippet:-1, max-image-preview:large, max-video-preview:-1\" \/>\n<link rel=\"canonical\" href=\"https:\/\/www.deltainformatica.ch\/de\/ict\/financial-solution\/\" \/>\n<meta property=\"og:locale\" content=\"de_DE\" \/>\n<meta property=\"og:type\" content=\"article\" \/>\n<meta property=\"og:title\" content=\"Financial solution - Delta Informatica\" \/>\n<meta property=\"og:url\" content=\"https:\/\/www.deltainformatica.ch\/de\/ict\/financial-solution\/\" \/>\n<meta property=\"og:site_name\" content=\"Delta Informatica\" \/>\n<meta property=\"article:modified_time\" content=\"2024-03-22T09:06:24+00:00\" \/>\n<meta name=\"twitter:card\" content=\"summary_large_image\" \/>\n<meta name=\"twitter:label1\" content=\"Gesch\u00e4tzte Lesezeit\" \/>\n\t<meta name=\"twitter:data1\" content=\"3\u00a0Minuten\" \/>\n<script type=\"application\/ld+json\" class=\"yoast-schema-graph\">{\"@context\":\"https:\/\/schema.org\",\"@graph\":[{\"@type\":\"WebPage\",\"@id\":\"https:\/\/www.deltainformatica.ch\/de\/ict\/financial-solution\/\",\"url\":\"https:\/\/www.deltainformatica.ch\/de\/ict\/financial-solution\/\",\"name\":\"Financial solution - Delta Informatica\",\"isPartOf\":{\"@id\":\"https:\/\/www.deltainformatica.ch\/en\/#website\"},\"datePublished\":\"2022-05-24T10:25:06+00:00\",\"dateModified\":\"2024-03-22T09:06:24+00:00\",\"breadcrumb\":{\"@id\":\"https:\/\/www.deltainformatica.ch\/de\/ict\/financial-solution\/#breadcrumb\"},\"inLanguage\":\"de\",\"potentialAction\":[{\"@type\":\"ReadAction\",\"target\":[\"https:\/\/www.deltainformatica.ch\/de\/ict\/financial-solution\/\"]}]},{\"@type\":\"BreadcrumbList\",\"@id\":\"https:\/\/www.deltainformatica.ch\/de\/ict\/financial-solution\/#breadcrumb\",\"itemListElement\":[{\"@type\":\"ListItem\",\"position\":1,\"name\":\"Home\",\"item\":\"https:\/\/www.deltainformatica.ch\/de\/\"},{\"@type\":\"ListItem\",\"position\":2,\"name\":\"ICT\",\"item\":\"https:\/\/www.deltainformatica.ch\/de\/ict\/\"},{\"@type\":\"ListItem\",\"position\":3,\"name\":\"Financial solution\"}]},{\"@type\":\"WebSite\",\"@id\":\"https:\/\/www.deltainformatica.ch\/en\/#website\",\"url\":\"https:\/\/www.deltainformatica.ch\/en\/\",\"name\":\"Delta Informatica\",\"description\":\"Soluzioni innovative per il mondo dell&#039;IT\",\"publisher\":{\"@id\":\"https:\/\/www.deltainformatica.ch\/en\/#organization\"},\"potentialAction\":[{\"@type\":\"SearchAction\",\"target\":{\"@type\":\"EntryPoint\",\"urlTemplate\":\"https:\/\/www.deltainformatica.ch\/en\/?s={search_term_string}\"},\"query-input\":{\"@type\":\"PropertyValueSpecification\",\"valueRequired\":true,\"valueName\":\"search_term_string\"}}],\"inLanguage\":\"de\"},{\"@type\":\"Organization\",\"@id\":\"https:\/\/www.deltainformatica.ch\/en\/#organization\",\"name\":\"Delta Informatica SA\",\"url\":\"https:\/\/www.deltainformatica.ch\/en\/\",\"logo\":{\"@type\":\"ImageObject\",\"inLanguage\":\"de\",\"@id\":\"https:\/\/www.deltainformatica.ch\/en\/#\/schema\/logo\/image\/\",\"url\":\"https:\/\/www.deltainformatica.ch\/wp-content\/uploads\/2020\/07\/delta-informatica-logo-01-ombra.png\",\"contentUrl\":\"https:\/\/www.deltainformatica.ch\/wp-content\/uploads\/2020\/07\/delta-informatica-logo-01-ombra.png\",\"width\":289,\"height\":230,\"caption\":\"Delta Informatica SA\"},\"image\":{\"@id\":\"https:\/\/www.deltainformatica.ch\/en\/#\/schema\/logo\/image\/\"}}]}<\/script>\n<!-- \/ Yoast SEO plugin. -->","yoast_head_json":{"title":"Financial solution - Delta Informatica","robots":{"index":"index","follow":"follow","max-snippet":"max-snippet:-1","max-image-preview":"max-image-preview:large","max-video-preview":"max-video-preview:-1"},"canonical":"https:\/\/www.deltainformatica.ch\/de\/ict\/financial-solution\/","og_locale":"de_DE","og_type":"article","og_title":"Financial solution - Delta Informatica","og_url":"https:\/\/www.deltainformatica.ch\/de\/ict\/financial-solution\/","og_site_name":"Delta Informatica","article_modified_time":"2024-03-22T09:06:24+00:00","twitter_card":"summary_large_image","twitter_misc":{"Gesch\u00e4tzte Lesezeit":"3\u00a0Minuten"},"schema":{"@context":"https:\/\/schema.org","@graph":[{"@type":"WebPage","@id":"https:\/\/www.deltainformatica.ch\/de\/ict\/financial-solution\/","url":"https:\/\/www.deltainformatica.ch\/de\/ict\/financial-solution\/","name":"Financial solution - Delta Informatica","isPartOf":{"@id":"https:\/\/www.deltainformatica.ch\/en\/#website"},"datePublished":"2022-05-24T10:25:06+00:00","dateModified":"2024-03-22T09:06:24+00:00","breadcrumb":{"@id":"https:\/\/www.deltainformatica.ch\/de\/ict\/financial-solution\/#breadcrumb"},"inLanguage":"de","potentialAction":[{"@type":"ReadAction","target":["https:\/\/www.deltainformatica.ch\/de\/ict\/financial-solution\/"]}]},{"@type":"BreadcrumbList","@id":"https:\/\/www.deltainformatica.ch\/de\/ict\/financial-solution\/#breadcrumb","itemListElement":[{"@type":"ListItem","position":1,"name":"Home","item":"https:\/\/www.deltainformatica.ch\/de\/"},{"@type":"ListItem","position":2,"name":"ICT","item":"https:\/\/www.deltainformatica.ch\/de\/ict\/"},{"@type":"ListItem","position":3,"name":"Financial solution"}]},{"@type":"WebSite","@id":"https:\/\/www.deltainformatica.ch\/en\/#website","url":"https:\/\/www.deltainformatica.ch\/en\/","name":"Delta Informatica","description":"Soluzioni innovative per il mondo dell&#039;IT","publisher":{"@id":"https:\/\/www.deltainformatica.ch\/en\/#organization"},"potentialAction":[{"@type":"SearchAction","target":{"@type":"EntryPoint","urlTemplate":"https:\/\/www.deltainformatica.ch\/en\/?s={search_term_string}"},"query-input":{"@type":"PropertyValueSpecification","valueRequired":true,"valueName":"search_term_string"}}],"inLanguage":"de"},{"@type":"Organization","@id":"https:\/\/www.deltainformatica.ch\/en\/#organization","name":"Delta Informatica SA","url":"https:\/\/www.deltainformatica.ch\/en\/","logo":{"@type":"ImageObject","inLanguage":"de","@id":"https:\/\/www.deltainformatica.ch\/en\/#\/schema\/logo\/image\/","url":"https:\/\/www.deltainformatica.ch\/wp-content\/uploads\/2020\/07\/delta-informatica-logo-01-ombra.png","contentUrl":"https:\/\/www.deltainformatica.ch\/wp-content\/uploads\/2020\/07\/delta-informatica-logo-01-ombra.png","width":289,"height":230,"caption":"Delta Informatica SA"},"image":{"@id":"https:\/\/www.deltainformatica.ch\/en\/#\/schema\/logo\/image\/"}}]}},"_links":{"self":[{"href":"https:\/\/www.deltainformatica.ch\/de\/wp-json\/wp\/v2\/pages\/1949","targetHints":{"allow":["GET"]}}],"collection":[{"href":"https:\/\/www.deltainformatica.ch\/de\/wp-json\/wp\/v2\/pages"}],"about":[{"href":"https:\/\/www.deltainformatica.ch\/de\/wp-json\/wp\/v2\/types\/page"}],"author":[{"embeddable":true,"href":"https:\/\/www.deltainformatica.ch\/de\/wp-json\/wp\/v2\/users\/4"}],"replies":[{"embeddable":true,"href":"https:\/\/www.deltainformatica.ch\/de\/wp-json\/wp\/v2\/comments?post=1949"}],"version-history":[{"count":6,"href":"https:\/\/www.deltainformatica.ch\/de\/wp-json\/wp\/v2\/pages\/1949\/revisions"}],"predecessor-version":[{"id":2090,"href":"https:\/\/www.deltainformatica.ch\/de\/wp-json\/wp\/v2\/pages\/1949\/revisions\/2090"}],"up":[{"embeddable":true,"href":"https:\/\/www.deltainformatica.ch\/de\/wp-json\/wp\/v2\/pages\/1922"}],"wp:attachment":[{"href":"https:\/\/www.deltainformatica.ch\/de\/wp-json\/wp\/v2\/media?parent=1949"}],"curies":[{"name":"wp","href":"https:\/\/api.w.org\/{rel}","templated":true}]}}