{"id":1957,"date":"2021-08-25T13:41:24","date_gmt":"2021-08-25T13:41:24","guid":{"rendered":"https:\/\/www.deltainformatica.ch\/?page_id=1957"},"modified":"2024-03-22T08:26:28","modified_gmt":"2024-03-22T08:26:28","slug":"managed-it-service","status":"publish","type":"page","link":"https:\/\/www.deltainformatica.ch\/de\/ict\/managed-it-service\/","title":{"rendered":"Managed IT Service"},"content":{"rendered":"<section data-vc-full-width=\"true\" data-vc-full-width-init=\"false\" data-vc-stretch-content=\"true\" class=\"vc_row wpb_row vc_row-fluid  vc_custom_1594221998998 pofo-stretch-content vc_row-no-padding vc_row-o-content-bottom vc_row-flex\"><div class=\"wpb_column vc_column_container vc_col-sm-12  col-xs-mobile-fullwidth\"><div class=\"vc_column-inner \"><div class=\"wpb_wrapper\"><div class=\"vc_row wpb_row vc_inner vc_row-fluid  vc_custom_1653914647270 vc_row-has-fill cover-background bg-position-center-center wow fadeIn pofo-inner-row-responsive-69e7c71050623\" style=\"min-height: 362px;\"><div class=\"wpb_column vc_column_container vc_col-sm-12  col-xs-mobile-fullwidth\"><div class=\"vc_column-inner \"><div class=\"wpb_wrapper\"><\/div><\/div><\/div><\/div><div class=\"vc_row wpb_row vc_inner vc_row-fluid titleMainCont vc_custom_1594297942879 pofo-inner-row-responsive-69e7c71050731\"><div class=\"wpb_column vc_column_container vc_col-has-fill titleMain vc_col-sm-12 vc_col-lg-6 vc_col-md-6 vc_col-xs-12 wow fadeInUp text-center md-text-center sm-text-center xs-text-center display-inline-block md-display-inline-block sm-display-block xs-display-block pofo-column-responsive-69e7c710507e7\" data-wow-delay= 300ms><div class=\"vc_column-inner vc_custom_1594297984225\"><div class=\"wpb_wrapper\"><div class=\"last-paragraph-no-margin\"><h1>MANAGED IT SERVICE<\/h1>\n<\/div><\/div><\/div><\/div><\/div><\/div><\/div><\/div><\/section><div class=\"vc_row-full-width vc_clearfix\"><\/div><section data-vc-full-width=\"true\" data-vc-full-width-init=\"false\" class=\"vc_row wpb_row vc_row-fluid  vc_custom_1594298096314 pofo-stretch-content pofo-stretch-row-container vc_row-o-content-middle vc_row-flex pofo-row-responsive-69e7c71050921\"><div class=\"wpb_column vc_column_container vc_col-sm-12 vc_col-lg-6 vc_col-md-6 vc_col-xs-12\"><div class=\"vc_column-inner \"><div class=\"wpb_wrapper\">[vc_single_image image=&#8220;1079&#8243; img_size=&#8220;full&#8220; alignment=&#8220;center&#8220;]<\/div><\/div><\/div><div class=\"wpb_column vc_column_container vc_col-sm-12 vc_col-lg-6 vc_col-md-6 vc_col-xs-12 pofo-column-responsive-69e7c71050a1e\"><div class=\"vc_column-inner vc_custom_1594300127524\"><div class=\"wpb_wrapper\"><div class=\"last-paragraph-no-margin\"><p>Delta Informatica SA bietet seinen Kunden ICT-Dienstleistungen f\u00fcr die Einrichtung, Unterst\u00fctzung und Verwaltung von ICT-Infrastrukturen.<\/p>\n<\/div><\/div><\/div><\/div><\/section><div class=\"vc_row-full-width vc_clearfix\"><\/div><section class=\"vc_row wpb_row vc_row-fluid  vc_custom_1629903138641\"><div class=\"wpb_column vc_column_container vc_col-sm-12  col-xs-mobile-fullwidth\"><div class=\"vc_column-inner \"><div class=\"wpb_wrapper\"><div class=\"vc_row wpb_row vc_inner vc_row-fluid\"><div class=\"wpb_column vc_column_container vc_col-sm-12  col-xs-mobile-fullwidth\"><div class=\"vc_column-inner \"><div class=\"wpb_wrapper\"><div class=\"last-paragraph-no-margin\"><h4>Data Center Management<\/h4>\n<\/div><div class=\"last-paragraph-no-margin\"><p>Delta Informatica SA bietet seinen Kunden Expertise in der Verwaltung von On-Premises-Systemen, traditionellen oder hyperkonvergenten Servern und Speichern, physisch oder virtuell, von den besten Marken, deren Partner wir sind:<br \/>\nCitrix, Dell, HPE, Fujitsu, Lenovo, Microsoft, Vmware<br \/>\nWir bieten Wartungsdienste oder Outsourcing von On-Premises-Infrastrukturen<br \/>\nDas Angebot wird durch die Verf\u00fcgbarkeit von Ersatzservern und -speichern vervollst\u00e4ndigt, um im Falle umfangreicher Probleme eingreifen zu k\u00f6nnen.<\/p>\n<\/div><\/div><\/div><\/div><\/div><div class=\"vc_row wpb_row vc_inner vc_row-fluid  vc_custom_1629903654806\"><div class=\"wpb_column vc_column_container vc_col-sm-12  col-xs-mobile-fullwidth\"><div class=\"vc_column-inner \"><div class=\"wpb_wrapper\"><div class=\"last-paragraph-no-margin\"><h4>Monitoring and Performance Management<\/h4>\n<\/div><div class=\"last-paragraph-no-margin\"><p>Delta Informatica SA bietet seinen Kunden proaktive \u00dcberwachungsl\u00f6sungen und -dienstleistungen.<\/p>\n<ul>\n<li>Die L\u00f6sung reduziert das Risiko von Ineffizienz und Inaktivit\u00e4t<\/li>\n<li>Proaktive \u00dcberwachung mit kontinuierlicher \u00dcberpr\u00fcfung der Kontrollpunkte, die mit aktiven Ger\u00e4ten und Systemdiensten verbunden sind.<\/li>\n<li>M\u00f6glichkeit der Erstellung von statistischen Berichten f\u00fcr Ereignisse und Leistungen auf Anfrage<\/li>\n<li>Automatische Ausf\u00fchrung von kundenspezifischen Korrekturma\u00dfnahmen \u00fcber Skripte<\/li>\n<\/ul>\n<\/div><\/div><\/div><\/div><\/div><div class=\"vc_row wpb_row vc_inner vc_row-fluid  vc_custom_1629903662073\"><div class=\"wpb_column vc_column_container vc_col-sm-12  col-xs-mobile-fullwidth\"><div class=\"vc_column-inner \"><div class=\"wpb_wrapper\"><div class=\"last-paragraph-no-margin\"><h4>Service Desk<\/h4>\n<\/div><div class=\"last-paragraph-no-margin\"><p>Delta Informatica SA bietet seinen Kunden einen ITIL-konformen Service Desk Service an: Kundenprobleme sind unsere Probleme, und unsere Priorit\u00e4t ist es, Ausfallzeiten zu minimieren und Ineffizienzen zu minimieren.<br \/>\nTickets f\u00fcr Vorf\u00e4lle und Anfragen werden \u00fcber eine Plattform verwaltet, die individuelle Einstellungen f\u00fcr die SLA- und Berichtsanforderungen der Kunden erm\u00f6glicht.<br \/>\nDienst-Modi:<\/p>\n<p>Der Dienst ist aktiv:<\/p>\n<ul>\n<li>werktags von 07.00 Uhr bis 23.00 Uhr<\/li>\n<li>samstags von 7.00 Uhr bis 13.00 Uhr<\/li>\n<li>wochentags von 8.00 Uhr bis 18.00 Uhr<\/li>\n<\/ul>\n<p>Das Service Desk ist erreichbar unter +41 91 640 55 69 oder schriftlich unter : <a href=\"mailto:assistenza@deltainformatica.ch\">assistenza@deltainformatica.ch<\/a><\/p>\n<\/div><\/div><\/div><\/div><\/div><div class=\"vc_row wpb_row vc_inner vc_row-fluid  vc_custom_1629903667921\"><div class=\"wpb_column vc_column_container vc_col-sm-12  col-xs-mobile-fullwidth\"><div class=\"vc_column-inner \"><div class=\"wpb_wrapper\"><div class=\"last-paragraph-no-margin\"><h4>24X7 Support<\/h4>\n<\/div><div class=\"last-paragraph-no-margin\"><p>Delta Informatica SA bietet seinen Kunden die M\u00f6glichkeit, eine Erweiterung des Standard-Supportdienstes des Service Desk zu abonnieren.<\/p>\n<ul>\n<li>24&#215;7 Systemunterst\u00fctzung Service Level II und III<\/li>\n<li>Anwendungs\u00fcberwachung oder Batch-Ausf\u00fchrungsservice<\/li>\n<\/ul>\n<\/div><\/div><\/div><\/div><\/div><\/div><\/div><\/div><\/section><section class=\"vc_row wpb_row vc_row-fluid  vc_custom_1594300231314 vc_row-o-content-middle vc_row-flex pofo-row-responsive-69e7c710511ac\"><div class=\"wpb_column vc_column_container vc_col-sm-6  col-xs-mobile-fullwidth wow fadeIn text-center md-text-center sm-text-center xs-text-center\" data-wow-delay= 300ms><div class=\"vc_column-inner \"><div class=\"wpb_wrapper\">[vc_single_image image=&#8220;371&#8243; img_size=&#8220;full&#8220; alignment=&#8220;center&#8220;]<\/div><\/div><\/div><div class=\"wpb_column vc_column_container vc_col-sm-6  col-xs-mobile-fullwidth wow fadeInRight pofo-column-responsive-69e7c710512ef\" data-wow-delay= 300ms><div class=\"vc_column-inner \"><div class=\"wpb_wrapper\"><div class=\" vc_custom_1711095814724 last-paragraph-no-margin\"><h2>SIND SIE INTERESSIERT<br \/>\nAN DIESER DIENSTLEISTUNG?<\/h2>\n<\/div><div class=\"last-paragraph-no-margin\"><h3>Fordern Sie ein kostenloses Beratungsgespr\u00e4ch an und lassen Sie Ihr Unternehmen hoch fliegen&#8230;<\/h3>\n<\/div><div class=\"last-paragraph-no-margin\"><p>Sie k\u00f6nnen uns anrufen unter<\/p>\n<h3>+41(0)91.640.5560<\/h3>\n<\/div>[vc_empty_space height=&#8220;30px&#8220;]<a  href=\"https:\/\/www.deltainformatica.ch\/de\/kontakte\/\" target=\"_self\" class=\"btn btnDett01 pofo-button-1 button-style1  btn-dark-gray\" >Kontakt<\/a><\/div><\/div><\/div><\/section>\n","protected":false},"excerpt":{"rendered":"MANAGED IT SERVICE [vc_single_image image=\"1079\" img_size=\"full\" alignment=\"center\"]Delta Informatica SA bietet seinen Kunden ICT-Dienstleistungen f\u00fcr die Einrichtung, Unterst\u00fctzung und Verwaltung von ICT-Infrastrukturen. Data Center Management Delta Informatica SA bietet seinen Kunden Expertise in der Verwaltung von On-Premises-Systemen, traditionellen oder hyperkonvergenten Servern und Speichern, physisch oder virtuell, von den besten Marken, deren Partner wir sind: Citrix, Dell, HPE, Fujitsu, Lenovo, Microsoft, Vmware Wir bieten Wartungsdienste oder Outsourcing von On-Premises-Infrastrukturen Das Angebot wird durch die Verf\u00fcgbarkeit von Ersatzservern und -speichern vervollst\u00e4ndigt, um im Falle umfangreicher Probleme eingreifen zu k\u00f6nnen. Monitoring and Performance Management Delta Informatica SA bietet seinen Kunden proaktive \u00dcberwachungsl\u00f6sungen und -dienstleistungen. Die L\u00f6sung reduziert das Risiko von Ineffizienz und Inaktivit\u00e4t Proaktive \u00dcberwachung mit kontinuierlicher \u00dcberpr\u00fcfung der Kontrollpunkte, die mit aktiven Ger\u00e4ten und Systemdiensten verbunden sind. M\u00f6glichkeit der Erstellung von statistischen Berichten f\u00fcr Ereignisse und Leistungen auf Anfrage Automatische Ausf\u00fchrung von kundenspezifischen Korrekturma\u00dfnahmen \u00fcber Skripte Service Desk Delta Informatica SA bietet seinen Kunden einen ITIL-konformen Service Desk Service an: Kundenprobleme sind unsere Probleme, und unsere Priorit\u00e4t ist es, Ausfallzeiten zu minimieren und Ineffizienzen zu minimieren. Tickets f\u00fcr Vorf\u00e4lle und Anfragen werden \u00fcber eine Plattform verwaltet, die individuelle Einstellungen f\u00fcr die SLA- und Berichtsanforderungen der Kunden erm\u00f6glicht. Dienst-Modi: Der Dienst ist aktiv: werktags...","protected":false},"author":4,"featured_media":0,"parent":1922,"menu_order":0,"comment_status":"closed","ping_status":"open","template":"","meta":{"footnotes":""},"class_list":["post-1957","page","type-page","status-publish","hentry"],"yoast_head":"<!-- This site is optimized with the Yoast SEO plugin v27.1.1 - https:\/\/yoast.com\/product\/yoast-seo-wordpress\/ -->\n<title>Managed IT Service - Delta Informatica<\/title>\n<meta name=\"robots\" content=\"index, follow, max-snippet:-1, max-image-preview:large, max-video-preview:-1\" \/>\n<link rel=\"canonical\" href=\"https:\/\/www.deltainformatica.ch\/de\/ict\/managed-it-service\/\" \/>\n<meta property=\"og:locale\" content=\"de_DE\" \/>\n<meta property=\"og:type\" content=\"article\" \/>\n<meta property=\"og:title\" content=\"Managed IT Service - Delta Informatica\" \/>\n<meta property=\"og:url\" content=\"https:\/\/www.deltainformatica.ch\/de\/ict\/managed-it-service\/\" \/>\n<meta property=\"og:site_name\" content=\"Delta Informatica\" \/>\n<meta property=\"article:modified_time\" content=\"2024-03-22T08:26:28+00:00\" \/>\n<meta name=\"twitter:card\" content=\"summary_large_image\" \/>\n<meta name=\"twitter:label1\" content=\"Gesch\u00e4tzte Lesezeit\" \/>\n\t<meta name=\"twitter:data1\" content=\"3\u00a0Minuten\" \/>\n<script type=\"application\/ld+json\" class=\"yoast-schema-graph\">{\"@context\":\"https:\/\/schema.org\",\"@graph\":[{\"@type\":\"WebPage\",\"@id\":\"https:\/\/www.deltainformatica.ch\/de\/ict\/managed-it-service\/\",\"url\":\"https:\/\/www.deltainformatica.ch\/de\/ict\/managed-it-service\/\",\"name\":\"Managed IT Service - Delta Informatica\",\"isPartOf\":{\"@id\":\"https:\/\/www.deltainformatica.ch\/en\/#website\"},\"datePublished\":\"2021-08-25T13:41:24+00:00\",\"dateModified\":\"2024-03-22T08:26:28+00:00\",\"breadcrumb\":{\"@id\":\"https:\/\/www.deltainformatica.ch\/de\/ict\/managed-it-service\/#breadcrumb\"},\"inLanguage\":\"de\",\"potentialAction\":[{\"@type\":\"ReadAction\",\"target\":[\"https:\/\/www.deltainformatica.ch\/de\/ict\/managed-it-service\/\"]}]},{\"@type\":\"BreadcrumbList\",\"@id\":\"https:\/\/www.deltainformatica.ch\/de\/ict\/managed-it-service\/#breadcrumb\",\"itemListElement\":[{\"@type\":\"ListItem\",\"position\":1,\"name\":\"Home\",\"item\":\"https:\/\/www.deltainformatica.ch\/de\/\"},{\"@type\":\"ListItem\",\"position\":2,\"name\":\"ICT\",\"item\":\"https:\/\/www.deltainformatica.ch\/de\/ict\/\"},{\"@type\":\"ListItem\",\"position\":3,\"name\":\"Managed IT Service\"}]},{\"@type\":\"WebSite\",\"@id\":\"https:\/\/www.deltainformatica.ch\/en\/#website\",\"url\":\"https:\/\/www.deltainformatica.ch\/en\/\",\"name\":\"Delta Informatica\",\"description\":\"Soluzioni innovative per il mondo dell&#039;IT\",\"publisher\":{\"@id\":\"https:\/\/www.deltainformatica.ch\/en\/#organization\"},\"potentialAction\":[{\"@type\":\"SearchAction\",\"target\":{\"@type\":\"EntryPoint\",\"urlTemplate\":\"https:\/\/www.deltainformatica.ch\/en\/?s={search_term_string}\"},\"query-input\":{\"@type\":\"PropertyValueSpecification\",\"valueRequired\":true,\"valueName\":\"search_term_string\"}}],\"inLanguage\":\"de\"},{\"@type\":\"Organization\",\"@id\":\"https:\/\/www.deltainformatica.ch\/en\/#organization\",\"name\":\"Delta Informatica SA\",\"url\":\"https:\/\/www.deltainformatica.ch\/en\/\",\"logo\":{\"@type\":\"ImageObject\",\"inLanguage\":\"de\",\"@id\":\"https:\/\/www.deltainformatica.ch\/en\/#\/schema\/logo\/image\/\",\"url\":\"https:\/\/www.deltainformatica.ch\/wp-content\/uploads\/2020\/07\/delta-informatica-logo-01-ombra.png\",\"contentUrl\":\"https:\/\/www.deltainformatica.ch\/wp-content\/uploads\/2020\/07\/delta-informatica-logo-01-ombra.png\",\"width\":289,\"height\":230,\"caption\":\"Delta Informatica SA\"},\"image\":{\"@id\":\"https:\/\/www.deltainformatica.ch\/en\/#\/schema\/logo\/image\/\"}}]}<\/script>\n<!-- \/ Yoast SEO plugin. -->","yoast_head_json":{"title":"Managed IT Service - Delta Informatica","robots":{"index":"index","follow":"follow","max-snippet":"max-snippet:-1","max-image-preview":"max-image-preview:large","max-video-preview":"max-video-preview:-1"},"canonical":"https:\/\/www.deltainformatica.ch\/de\/ict\/managed-it-service\/","og_locale":"de_DE","og_type":"article","og_title":"Managed IT Service - Delta Informatica","og_url":"https:\/\/www.deltainformatica.ch\/de\/ict\/managed-it-service\/","og_site_name":"Delta Informatica","article_modified_time":"2024-03-22T08:26:28+00:00","twitter_card":"summary_large_image","twitter_misc":{"Gesch\u00e4tzte Lesezeit":"3\u00a0Minuten"},"schema":{"@context":"https:\/\/schema.org","@graph":[{"@type":"WebPage","@id":"https:\/\/www.deltainformatica.ch\/de\/ict\/managed-it-service\/","url":"https:\/\/www.deltainformatica.ch\/de\/ict\/managed-it-service\/","name":"Managed IT Service - Delta Informatica","isPartOf":{"@id":"https:\/\/www.deltainformatica.ch\/en\/#website"},"datePublished":"2021-08-25T13:41:24+00:00","dateModified":"2024-03-22T08:26:28+00:00","breadcrumb":{"@id":"https:\/\/www.deltainformatica.ch\/de\/ict\/managed-it-service\/#breadcrumb"},"inLanguage":"de","potentialAction":[{"@type":"ReadAction","target":["https:\/\/www.deltainformatica.ch\/de\/ict\/managed-it-service\/"]}]},{"@type":"BreadcrumbList","@id":"https:\/\/www.deltainformatica.ch\/de\/ict\/managed-it-service\/#breadcrumb","itemListElement":[{"@type":"ListItem","position":1,"name":"Home","item":"https:\/\/www.deltainformatica.ch\/de\/"},{"@type":"ListItem","position":2,"name":"ICT","item":"https:\/\/www.deltainformatica.ch\/de\/ict\/"},{"@type":"ListItem","position":3,"name":"Managed IT Service"}]},{"@type":"WebSite","@id":"https:\/\/www.deltainformatica.ch\/en\/#website","url":"https:\/\/www.deltainformatica.ch\/en\/","name":"Delta Informatica","description":"Soluzioni innovative per il mondo dell&#039;IT","publisher":{"@id":"https:\/\/www.deltainformatica.ch\/en\/#organization"},"potentialAction":[{"@type":"SearchAction","target":{"@type":"EntryPoint","urlTemplate":"https:\/\/www.deltainformatica.ch\/en\/?s={search_term_string}"},"query-input":{"@type":"PropertyValueSpecification","valueRequired":true,"valueName":"search_term_string"}}],"inLanguage":"de"},{"@type":"Organization","@id":"https:\/\/www.deltainformatica.ch\/en\/#organization","name":"Delta Informatica SA","url":"https:\/\/www.deltainformatica.ch\/en\/","logo":{"@type":"ImageObject","inLanguage":"de","@id":"https:\/\/www.deltainformatica.ch\/en\/#\/schema\/logo\/image\/","url":"https:\/\/www.deltainformatica.ch\/wp-content\/uploads\/2020\/07\/delta-informatica-logo-01-ombra.png","contentUrl":"https:\/\/www.deltainformatica.ch\/wp-content\/uploads\/2020\/07\/delta-informatica-logo-01-ombra.png","width":289,"height":230,"caption":"Delta Informatica SA"},"image":{"@id":"https:\/\/www.deltainformatica.ch\/en\/#\/schema\/logo\/image\/"}}]}},"_links":{"self":[{"href":"https:\/\/www.deltainformatica.ch\/de\/wp-json\/wp\/v2\/pages\/1957","targetHints":{"allow":["GET"]}}],"collection":[{"href":"https:\/\/www.deltainformatica.ch\/de\/wp-json\/wp\/v2\/pages"}],"about":[{"href":"https:\/\/www.deltainformatica.ch\/de\/wp-json\/wp\/v2\/types\/page"}],"author":[{"embeddable":true,"href":"https:\/\/www.deltainformatica.ch\/de\/wp-json\/wp\/v2\/users\/4"}],"replies":[{"embeddable":true,"href":"https:\/\/www.deltainformatica.ch\/de\/wp-json\/wp\/v2\/comments?post=1957"}],"version-history":[{"count":7,"href":"https:\/\/www.deltainformatica.ch\/de\/wp-json\/wp\/v2\/pages\/1957\/revisions"}],"predecessor-version":[{"id":2077,"href":"https:\/\/www.deltainformatica.ch\/de\/wp-json\/wp\/v2\/pages\/1957\/revisions\/2077"}],"up":[{"embeddable":true,"href":"https:\/\/www.deltainformatica.ch\/de\/wp-json\/wp\/v2\/pages\/1922"}],"wp:attachment":[{"href":"https:\/\/www.deltainformatica.ch\/de\/wp-json\/wp\/v2\/media?parent=1957"}],"curies":[{"name":"wp","href":"https:\/\/api.w.org\/{rel}","templated":true}]}}